{"id":3176,"date":"2017-04-19T10:41:34","date_gmt":"2017-04-19T07:41:34","guid":{"rendered":"https:\/\/www.saxsim.ee\/swp\/?post_type=product&#038;p=3176"},"modified":"2026-02-17T08:32:04","modified_gmt":"2026-02-17T06:32:04","slug":"cutting-cape-hairway-black-red-loikuslina","status":"publish","type":"product","link":"https:\/\/saxsim.ee\/swp\/product\/cutting-cape-hairway-black-red-loikuslina\/","title":{"rendered":"Cutting Cape, Hairway Black &amp; Red &#8211; l\u00f5ikuslina"},"content":{"rendered":"<p>Suurus &#8211; 136*160 cm.<\/p>\n<p>Kinnitus \u2013 haakidega, elastne kaelus<\/p>\n<p>Kaeluse max. \u00fcmberm\u00f5\u00f5t \u2013 60 cm.<\/p>\n<p>Materjal \u2013 vetth\u00fclgav, 100% nailon<\/p>\n<p>K\u00e4eavadeta<\/p>\n<p><strong>Hooldus:<\/strong><\/p>\n<p>masinpesu madalal temperatuuril<\/p>\n<p>kuivatada soovitavalt n\u00f6\u00f6ril. Trummelkuivatus ainult madalatel p\u00f6\u00f6retel!<\/p>\n<p>pesemisel \u00e4rge kunagi kasutage vedelaid valgendusvahendeid!<\/p>\n","protected":false},"excerpt":{"rendered":"<p>Suurus &#8211; 136*160 cm. Kinnitus \u2013 haakidega, elastne kaelus Kaeluse max. \u00fcmberm\u00f5\u00f5t \u2013 60 cm. Materjal \u2013 vetth\u00fclgav, 100% nailon K\u00e4eavadeta Hooldus: masinpesu madalal temperatuuril kuivatada soovitavalt n\u00f6\u00f6ril. Trummelkuivatus ainult madalatel p\u00f6\u00f6retel! pesemisel \u00e4rge kunagi kasutage vedelaid valgendusvahendeid!<\/p>\n","protected":false},"featured_media":3177,"comment_status":"closed","ping_status":"closed","template":"","meta":[],"product_cat":[401,296],"product_tag":[],"class_list":{"0":"post-3176","1":"product","2":"type-product","3":"status-publish","4":"has-post-thumbnail","6":"product_cat-juuksuri-tarvikud","7":"product_cat-loikus-ja-varvilinad","9":"first","10":"instock","11":"taxable","12":"shipping-taxable","13":"purchasable","14":"product-type-simple"},"_links":{"self":[{"href":"https:\/\/saxsim.ee\/swp\/wp-json\/wp\/v2\/product\/3176"}],"collection":[{"href":"https:\/\/saxsim.ee\/swp\/wp-json\/wp\/v2\/product"}],"about":[{"href":"https:\/\/saxsim.ee\/swp\/wp-json\/wp\/v2\/types\/product"}],"replies":[{"embeddable":true,"href":"https:\/\/saxsim.ee\/swp\/wp-json\/wp\/v2\/comments?post=3176"}],"wp:featuredmedia":[{"embeddable":true,"href":"https:\/\/saxsim.ee\/swp\/wp-json\/wp\/v2\/media\/3177"}],"wp:attachment":[{"href":"https:\/\/saxsim.ee\/swp\/wp-json\/wp\/v2\/media?parent=3176"}],"wp:term":[{"taxonomy":"product_cat","embeddable":true,"href":"https:\/\/saxsim.ee\/swp\/wp-json\/wp\/v2\/product_cat?post=3176"},{"taxonomy":"product_tag","embeddable":true,"href":"https:\/\/saxsim.ee\/swp\/wp-json\/wp\/v2\/product_tag?post=3176"}],"curies":[{"name":"wp","href":"https:\/\/api.w.org\/{rel}","templated":true}]}}