{"id":3171,"date":"2017-04-19T10:18:41","date_gmt":"2017-04-19T07:18:41","guid":{"rendered":"https:\/\/www.saxsim.ee\/swp\/?post_type=product&#038;p=3171"},"modified":"2017-05-30T21:17:27","modified_gmt":"2017-05-30T18:17:27","slug":"tunnel-brush-carbon-advance-juuksehari-2","status":"publish","type":"product","link":"https:\/\/saxsim.ee\/swp\/product\/tunnel-brush-carbon-advance-juuksehari-2\/","title":{"rendered":"Tunnel Brush, Carbon Advance &#8211; juuksehari"},"content":{"rendered":"<p>Kahepoolne, antistaatiline f\u00f6\u00f6nihari. K\u00f5rgekvaliteetsest, s\u00fcsiniku sisaldavast materjalist valmistatud hari on v\u00e4ga kerge ja kuumust taluv.<\/p>\n<p>&nbsp;<\/p>\n<p>&nbsp;<\/p>\n","protected":false},"excerpt":{"rendered":"<p>Kahepoolne, antistaatiline f\u00f6\u00f6nihari. K\u00f5rgekvaliteetsest, s\u00fcsiniku sisaldavast materjalist valmistatud hari on v\u00e4ga kerge ja kuumust taluv. &nbsp; &nbsp;<\/p>\n","protected":false},"featured_media":3170,"comment_status":"closed","ping_status":"closed","template":"","meta":[],"product_cat":[401,172,397],"product_tag":[],"class_list":{"0":"post-3171","1":"product","2":"type-product","3":"status-publish","4":"has-post-thumbnail","6":"product_cat-juuksuri-tarvikud","7":"product_cat-juukseharjad","8":"product_cat-lapikud-juukseharjad","10":"first","11":"instock","12":"taxable","13":"shipping-taxable","14":"purchasable","15":"product-type-simple"},"_links":{"self":[{"href":"https:\/\/saxsim.ee\/swp\/wp-json\/wp\/v2\/product\/3171"}],"collection":[{"href":"https:\/\/saxsim.ee\/swp\/wp-json\/wp\/v2\/product"}],"about":[{"href":"https:\/\/saxsim.ee\/swp\/wp-json\/wp\/v2\/types\/product"}],"replies":[{"embeddable":true,"href":"https:\/\/saxsim.ee\/swp\/wp-json\/wp\/v2\/comments?post=3171"}],"wp:featuredmedia":[{"embeddable":true,"href":"https:\/\/saxsim.ee\/swp\/wp-json\/wp\/v2\/media\/3170"}],"wp:attachment":[{"href":"https:\/\/saxsim.ee\/swp\/wp-json\/wp\/v2\/media?parent=3171"}],"wp:term":[{"taxonomy":"product_cat","embeddable":true,"href":"https:\/\/saxsim.ee\/swp\/wp-json\/wp\/v2\/product_cat?post=3171"},{"taxonomy":"product_tag","embeddable":true,"href":"https:\/\/saxsim.ee\/swp\/wp-json\/wp\/v2\/product_tag?post=3171"}],"curies":[{"name":"wp","href":"https:\/\/api.w.org\/{rel}","templated":true}]}}