{"id":3157,"date":"2017-04-18T23:38:46","date_gmt":"2017-04-18T20:38:46","guid":{"rendered":"https:\/\/www.saxsim.ee\/swp\/?post_type=product&#038;p=3157"},"modified":"2024-01-10T10:40:35","modified_gmt":"2024-01-10T08:40:35","slug":"hair-clipper-forsage-loikusmasin","status":"publish","type":"product","link":"https:\/\/saxsim.ee\/swp\/product\/hair-clipper-forsage-loikusmasin\/","title":{"rendered":"Hair Clipper, Forsage &#8211; l\u00f5ikusmasin"},"content":{"rendered":"<p>Vaikne, juhtme\/juhtmeta, juuksel\u00f5ikusmasin professionaalseks kasutamiseks.\u00a0LED idikaatortuled kuvavad aku laetuse taset ja annavad m\u00e4rku, kui aku vajab laadimist.<\/p>\n<p><strong>Tehnilised andmed:<\/strong><\/p>\n<p>&#8211; Li-Polymer aku ( 2 korda rohkem energiat, kui Li-Ion akul )<br \/>\n&#8211; akutoitel t\u00f6\u00f6tab &#8211; 100 min.<br \/>\n&#8211; l\u00f5iketera pikkuse reguleerimine ( 1,0 &#8211; 1,9 mm. )<br \/>\n&#8211; kaal &#8211; 197\u00a0g.<br \/>\n&#8211; juhe &#8211; \u00a0m.<br \/>\n&#8211; indikaatortuled\u00a0aku laetusastme kuvamiseks<\/p>\n<p><strong>Komplektis:<\/strong><\/p>\n<p>&#8211; 1 roostevabast terasest tera ( laius &#8211; 45 mm. ). Valmistatud Jaapanis.<br \/>\n&#8211; 4 erinevat l\u00f5ikustalda ( 3 mm.\/6 mm.\/9 mm.\/12 mm. )<br \/>\n&#8211; laadimisalus koos juhtmega<br \/>\n&#8211; puhastushari<br \/>\n&#8211; masina\u00f5li<\/p>\n","protected":false},"excerpt":{"rendered":"<p>Vaikne, juhtme\/juhtmeta, juuksel\u00f5ikusmasin professionaalseks kasutamiseks.\u00a0LED idikaatortuled kuvavad aku laetuse taset ja annavad m\u00e4rku, kui aku vajab laadimist. Tehnilised andmed: &#8211; Li-Polymer aku ( 2 korda rohkem energiat, kui Li-Ion akul ) &#8211; akutoitel t\u00f6\u00f6tab &#8211; 100 min. &#8211; l\u00f5iketera pikkuse reguleerimine ( 1,0 &#8211; 1,9 mm. ) &#8211; kaal &#8211; 197\u00a0g. &#8211; juhe &#8211; \u00a0m. [&hellip;]<\/p>\n","protected":false},"featured_media":3158,"comment_status":"closed","ping_status":"closed","template":"","meta":[],"product_cat":[401,280,286],"product_tag":[],"class_list":{"0":"post-3157","1":"product","2":"type-product","3":"status-publish","4":"has-post-thumbnail","6":"product_cat-juuksuri-tarvikud","7":"product_cat-elektrilised-toovahendid","8":"product_cat-loikusmasinad-ja-trimmerid","10":"first","11":"instock","12":"taxable","13":"shipping-taxable","14":"purchasable","15":"product-type-simple"},"_links":{"self":[{"href":"https:\/\/saxsim.ee\/swp\/wp-json\/wp\/v2\/product\/3157"}],"collection":[{"href":"https:\/\/saxsim.ee\/swp\/wp-json\/wp\/v2\/product"}],"about":[{"href":"https:\/\/saxsim.ee\/swp\/wp-json\/wp\/v2\/types\/product"}],"replies":[{"embeddable":true,"href":"https:\/\/saxsim.ee\/swp\/wp-json\/wp\/v2\/comments?post=3157"}],"wp:featuredmedia":[{"embeddable":true,"href":"https:\/\/saxsim.ee\/swp\/wp-json\/wp\/v2\/media\/3158"}],"wp:attachment":[{"href":"https:\/\/saxsim.ee\/swp\/wp-json\/wp\/v2\/media?parent=3157"}],"wp:term":[{"taxonomy":"product_cat","embeddable":true,"href":"https:\/\/saxsim.ee\/swp\/wp-json\/wp\/v2\/product_cat?post=3157"},{"taxonomy":"product_tag","embeddable":true,"href":"https:\/\/saxsim.ee\/swp\/wp-json\/wp\/v2\/product_tag?post=3157"}],"curies":[{"name":"wp","href":"https:\/\/api.w.org\/{rel}","templated":true}]}}