{"id":3130,"date":"2017-04-17T10:16:27","date_gmt":"2017-04-17T07:16:27","guid":{"rendered":"https:\/\/www.saxsim.ee\/swp\/?post_type=product&#038;p=3130"},"modified":"2021-11-26T08:06:12","modified_gmt":"2021-11-26T06:06:12","slug":"ro-ial-paper-towel-paberratikud-3","status":"publish","type":"product","link":"https:\/\/saxsim.ee\/swp\/product\/ro-ial-paper-towel-paberratikud-3\/","title":{"rendered":"Ro.ial Paper Towel 40\u00d770, 60 tk. &#8211; paberr\u00e4tikud"},"content":{"rendered":"<p>V\u00e4ga hea imavusega kvaliteetne paberr\u00e4tik sissepressitud mustriga. Sobib kasutamiseks nii juuksurile, kui ka kosmeetikule.<\/p>\n<p>M\u00f5\u00f5dud &#8211; 40*70 cm.<\/p>\n<p>Pakis &#8211; 60 tk.<\/p>\n<p>Valmistatud &#8211;\u00a0Itaalias<\/p>\n<p>&nbsp;<\/p>\n<p>&nbsp;<\/p>\n<p>&nbsp;<\/p>\n","protected":false},"excerpt":{"rendered":"<p>V\u00e4ga hea imavusega kvaliteetne paberr\u00e4tik sissepressitud mustriga. Sobib kasutamiseks nii juuksurile, kui ka kosmeetikule. M\u00f5\u00f5dud &#8211; 40*70 cm. Pakis &#8211; 60 tk. Valmistatud &#8211;\u00a0Itaalias &nbsp; &nbsp; &nbsp;<\/p>\n","protected":false},"featured_media":3131,"comment_status":"closed","ping_status":"closed","template":"","meta":[],"product_cat":[577,583,401,291,346],"product_tag":[],"class_list":{"0":"post-3130","1":"product","2":"type-product","3":"status-publish","4":"has-post-thumbnail","6":"product_cat-iluteenindaja-tarvikud","7":"product_cat-uhekordsed-tooted-iluteenindaja-tarvikud","8":"product_cat-juuksuri-tarvikud","9":"product_cat-uhekordsed-tooted","10":"product_cat-uhekordsed-ratikud","12":"first","13":"outofstock","14":"taxable","15":"shipping-taxable","16":"purchasable","17":"product-type-simple"},"_links":{"self":[{"href":"https:\/\/saxsim.ee\/swp\/wp-json\/wp\/v2\/product\/3130"}],"collection":[{"href":"https:\/\/saxsim.ee\/swp\/wp-json\/wp\/v2\/product"}],"about":[{"href":"https:\/\/saxsim.ee\/swp\/wp-json\/wp\/v2\/types\/product"}],"replies":[{"embeddable":true,"href":"https:\/\/saxsim.ee\/swp\/wp-json\/wp\/v2\/comments?post=3130"}],"wp:featuredmedia":[{"embeddable":true,"href":"https:\/\/saxsim.ee\/swp\/wp-json\/wp\/v2\/media\/3131"}],"wp:attachment":[{"href":"https:\/\/saxsim.ee\/swp\/wp-json\/wp\/v2\/media?parent=3130"}],"wp:term":[{"taxonomy":"product_cat","embeddable":true,"href":"https:\/\/saxsim.ee\/swp\/wp-json\/wp\/v2\/product_cat?post=3130"},{"taxonomy":"product_tag","embeddable":true,"href":"https:\/\/saxsim.ee\/swp\/wp-json\/wp\/v2\/product_tag?post=3130"}],"curies":[{"name":"wp","href":"https:\/\/api.w.org\/{rel}","templated":true}]}}