{"id":3121,"date":"2017-04-16T22:15:54","date_gmt":"2017-04-16T19:15:54","guid":{"rendered":"https:\/\/www.saxsim.ee\/swp\/?post_type=product&#038;p=3121"},"modified":"2017-05-30T21:45:31","modified_gmt":"2017-05-30T18:45:31","slug":"sensido-scale-elektrooniline-kaal","status":"publish","type":"product","link":"https:\/\/saxsim.ee\/swp\/product\/sensido-scale-elektrooniline-kaal\/","title":{"rendered":"SensiDO Scale &#8211; elektrooniline kaal"},"content":{"rendered":"<p>Stiilne elektrooniline kaal.<\/p>\n<p>Maksimaalselt saab kaaluda kuni 5000 g.<\/p>\n<p>Kaalub t\u00e4psusega 1 g.<\/p>\n<p>Taara nullimise funktsioon.<\/p>\n<p>Automaatne v\u00e4ljal\u00fclitumine &#8211; 3 min.<\/p>\n<p>Kaasas 2*CR2032 patareid.<\/p>\n<p>M\u00f5\u00f5dud &#8211; 172*206*23 mm<\/p>\n<p>&nbsp;<\/p>\n","protected":false},"excerpt":{"rendered":"<p>Stiilne elektrooniline kaal. Maksimaalselt saab kaaluda kuni 5000 g. Kaalub t\u00e4psusega 1 g. Taara nullimise funktsioon. Automaatne v\u00e4ljal\u00fclitumine &#8211; 3 min. Kaasas 2*CR2032 patareid. M\u00f5\u00f5dud &#8211; 172*206*23 mm &nbsp;<\/p>\n","protected":false},"featured_media":3122,"comment_status":"closed","ping_status":"closed","template":"","meta":[],"product_cat":[324,400,577,401,280,176],"product_tag":[],"class_list":{"0":"post-3121","1":"product","2":"type-product","3":"status-publish","4":"has-post-thumbnail","6":"product_cat-kaalud","7":"product_cat-ilusalongi-sisustus","8":"product_cat-iluteenindaja-tarvikud","9":"product_cat-juuksuri-tarvikud","10":"product_cat-elektrilised-toovahendid","11":"product_cat-varvitarvikud","13":"first","14":"instock","15":"taxable","16":"shipping-taxable","17":"purchasable","18":"product-type-simple"},"_links":{"self":[{"href":"https:\/\/saxsim.ee\/swp\/wp-json\/wp\/v2\/product\/3121"}],"collection":[{"href":"https:\/\/saxsim.ee\/swp\/wp-json\/wp\/v2\/product"}],"about":[{"href":"https:\/\/saxsim.ee\/swp\/wp-json\/wp\/v2\/types\/product"}],"replies":[{"embeddable":true,"href":"https:\/\/saxsim.ee\/swp\/wp-json\/wp\/v2\/comments?post=3121"}],"wp:featuredmedia":[{"embeddable":true,"href":"https:\/\/saxsim.ee\/swp\/wp-json\/wp\/v2\/media\/3122"}],"wp:attachment":[{"href":"https:\/\/saxsim.ee\/swp\/wp-json\/wp\/v2\/media?parent=3121"}],"wp:term":[{"taxonomy":"product_cat","embeddable":true,"href":"https:\/\/saxsim.ee\/swp\/wp-json\/wp\/v2\/product_cat?post=3121"},{"taxonomy":"product_tag","embeddable":true,"href":"https:\/\/saxsim.ee\/swp\/wp-json\/wp\/v2\/product_tag?post=3121"}],"curies":[{"name":"wp","href":"https:\/\/api.w.org\/{rel}","templated":true}]}}