{"id":3074,"date":"2017-04-16T15:51:59","date_gmt":"2017-04-16T12:51:59","guid":{"rendered":"https:\/\/www.saxsim.ee\/swp\/?post_type=product&#038;p=3074"},"modified":"2026-04-25T15:51:01","modified_gmt":"2026-04-25T12:51:01","slug":"moser-primat-blade-juukseloikusmasina-tera","status":"publish","type":"product","link":"https:\/\/saxsim.ee\/swp\/product\/moser-primat-blade-juukseloikusmasina-tera\/","title":{"rendered":"Moser Primat Blade &#8211; juuksel\u00f5ikusmasina tera"},"content":{"rendered":"<div class=\"intro\">\n<p>Moser Primat juuksel\u00f5ikusmasina roostevabast terasest l\u00f5ikustera.<\/p>\n<p>Tera laius &#8211; 46 mm.<\/p>\n<p>Reguleeritav tera k\u00f5rgus &#8211; 0,1\u20133 mm.<\/p>\n<\/div>\n","protected":false},"excerpt":{"rendered":"<p>Moser Primat juuksel\u00f5ikusmasina roostevabast terasest l\u00f5ikustera. Tera laius &#8211; 46 mm. Reguleeritav tera k\u00f5rgus &#8211; 0,1\u20133 mm.<\/p>\n","protected":false},"featured_media":3075,"comment_status":"closed","ping_status":"closed","template":"","meta":[],"product_cat":[401,278],"product_tag":[],"class_list":{"0":"post-3074","1":"product","2":"type-product","3":"status-publish","4":"has-post-thumbnail","6":"product_cat-juuksuri-tarvikud","7":"product_cat-varuosad","9":"first","10":"instock","11":"taxable","12":"shipping-taxable","13":"purchasable","14":"product-type-simple"},"_links":{"self":[{"href":"https:\/\/saxsim.ee\/swp\/wp-json\/wp\/v2\/product\/3074"}],"collection":[{"href":"https:\/\/saxsim.ee\/swp\/wp-json\/wp\/v2\/product"}],"about":[{"href":"https:\/\/saxsim.ee\/swp\/wp-json\/wp\/v2\/types\/product"}],"replies":[{"embeddable":true,"href":"https:\/\/saxsim.ee\/swp\/wp-json\/wp\/v2\/comments?post=3074"}],"wp:featuredmedia":[{"embeddable":true,"href":"https:\/\/saxsim.ee\/swp\/wp-json\/wp\/v2\/media\/3075"}],"wp:attachment":[{"href":"https:\/\/saxsim.ee\/swp\/wp-json\/wp\/v2\/media?parent=3074"}],"wp:term":[{"taxonomy":"product_cat","embeddable":true,"href":"https:\/\/saxsim.ee\/swp\/wp-json\/wp\/v2\/product_cat?post=3074"},{"taxonomy":"product_tag","embeddable":true,"href":"https:\/\/saxsim.ee\/swp\/wp-json\/wp\/v2\/product_tag?post=3074"}],"curies":[{"name":"wp","href":"https:\/\/api.w.org\/{rel}","templated":true}]}}