{"id":3051,"date":"2017-04-16T13:14:05","date_gmt":"2017-04-16T10:14:05","guid":{"rendered":"https:\/\/www.saxsim.ee\/swp\/?post_type=product&#038;p=3051"},"modified":"2025-02-10T09:13:22","modified_gmt":"2025-02-10T07:13:22","slug":"moser-primat-1230-loikusmasin","status":"publish","type":"product","link":"https:\/\/saxsim.ee\/swp\/product\/moser-primat-1230-loikusmasin\/","title":{"rendered":"Moser Primat 1230 &#8211; l\u00f5ikusmasin"},"content":{"rendered":"<p>V\u00f5imas, kuid vaikne, juhtmega, reguleeritava\u00a0l\u00f5ikusteraga ( 0,1 &#8211; 3,0 mm. ) juuksel\u00f5ikusmasin.<\/p>\n<p><strong>Tehnilised andmed:<\/strong><\/p>\n<p>V\u00f5imsus &#8211;\u00a015 W<br \/>\n220\u2013240 V, 50 Hz<br \/>\nkaal &#8211; 620 g.<br \/>\njuhe &#8211; 3,0 m.<\/p>\n<p><strong>Komplektis:<\/strong><\/p>\n<p>1 \u00a0l\u00f5ikustera &#8220;STAR BLADE&#8221; ( laius &#8211;\u00a046 mm. )<br \/>\n2 pikendustalda ( 4,5 mm. \/ \u00a09,0 mm. )<br \/>\nmasina\u00f5li<br \/>\npuhastushari<br \/>\nl\u00f5iketera kaitse<\/p>\n","protected":false},"excerpt":{"rendered":"<p>V\u00f5imas, kuid vaikne, juhtmega, reguleeritava\u00a0l\u00f5ikusteraga ( 0,1 &#8211; 3,0 mm. ) juuksel\u00f5ikusmasin. Tehnilised andmed: V\u00f5imsus &#8211;\u00a015 W 220\u2013240 V, 50 Hz kaal &#8211; 620 g. juhe &#8211; 3,0 m. Komplektis: 1 \u00a0l\u00f5ikustera &#8220;STAR BLADE&#8221; ( laius &#8211;\u00a046 mm. ) 2 pikendustalda ( 4,5 mm. \/ \u00a09,0 mm. ) masina\u00f5li puhastushari l\u00f5iketera kaitse<\/p>\n","protected":false},"featured_media":3052,"comment_status":"closed","ping_status":"closed","template":"","meta":[],"product_cat":[668,401,280,286],"product_tag":[],"class_list":{"0":"post-3051","1":"product","2":"type-product","3":"status-publish","4":"has-post-thumbnail","6":"product_cat-moser","7":"product_cat-juuksuri-tarvikud","8":"product_cat-elektrilised-toovahendid","9":"product_cat-loikusmasinad-ja-trimmerid","11":"first","12":"outofstock","13":"taxable","14":"shipping-taxable","15":"purchasable","16":"product-type-simple"},"_links":{"self":[{"href":"https:\/\/saxsim.ee\/swp\/wp-json\/wp\/v2\/product\/3051"}],"collection":[{"href":"https:\/\/saxsim.ee\/swp\/wp-json\/wp\/v2\/product"}],"about":[{"href":"https:\/\/saxsim.ee\/swp\/wp-json\/wp\/v2\/types\/product"}],"replies":[{"embeddable":true,"href":"https:\/\/saxsim.ee\/swp\/wp-json\/wp\/v2\/comments?post=3051"}],"wp:featuredmedia":[{"embeddable":true,"href":"https:\/\/saxsim.ee\/swp\/wp-json\/wp\/v2\/media\/3052"}],"wp:attachment":[{"href":"https:\/\/saxsim.ee\/swp\/wp-json\/wp\/v2\/media?parent=3051"}],"wp:term":[{"taxonomy":"product_cat","embeddable":true,"href":"https:\/\/saxsim.ee\/swp\/wp-json\/wp\/v2\/product_cat?post=3051"},{"taxonomy":"product_tag","embeddable":true,"href":"https:\/\/saxsim.ee\/swp\/wp-json\/wp\/v2\/product_tag?post=3051"}],"curies":[{"name":"wp","href":"https:\/\/api.w.org\/{rel}","templated":true}]}}