{"id":3048,"date":"2017-04-16T10:13:07","date_gmt":"2017-04-16T07:13:07","guid":{"rendered":"https:\/\/www.saxsim.ee\/swp\/?post_type=product&#038;p=3048"},"modified":"2025-07-06T18:33:17","modified_gmt":"2025-07-06T15:33:17","slug":"moser-chromstyle-1871-loikusmasin","status":"publish","type":"product","link":"https:\/\/saxsim.ee\/swp\/product\/moser-chromstyle-1871-loikusmasin\/","title":{"rendered":"Moser ChromStyle 1871 &#8211; l\u00f5ikusmasin"},"content":{"rendered":"<p>Vaikne, juhtme\/juhtmeta, juuksel\u00f5ikusmasin professionaalseks kasutamiseks.\u00a0LED idikaatortuled kuvavad aku laetuse taset ja annavad m\u00e4rku, kui aku vajab laadimist.\u00a0Erinevad helisignaalid teavitavad laadimise alustamisest ja l\u00f5petamisest. Hoiatusheli \u00fclekoormuse eest.<\/p>\n<p><strong>Tehnilised andmed:<\/strong><\/p>\n<p>Li-Ion aku<br \/>\nmootor: DC, kiirus 5000 p\/min<br \/>\n100\u2013240 V, 50\u201360 Hz<br \/>\nm\u00f5\u00f5tmed: 178*46*50 mm<br \/>\nakutoitel t\u00f6\u00f6tab &#8211; 90 min.<br \/>\naku laadimisaeg &#8211; 60 min.<br \/>\nl\u00f5iketera pikkuse reguleerimine ( 0,7 &#8211; 3,0 mm. )<br \/>\nkaal &#8211; 290 g.<br \/>\njuhe &#8211; 3,0 m.<br \/>\nindikaatortuled\u00a0aku laetusastme kuvamiseks<\/p>\n<p><strong>Komplektis:<\/strong><\/p>\n<p>1 Magic Blade II ( laius &#8211; 46 mm. )<br \/>\n4 erinevat l\u00f5ikustalda ( 3 mm.\/6 mm.\/9 mm.\/12 mm. )<br \/>\nlaadimisalus koos juhtmega<br \/>\npuhastushari<br \/>\nmasina\u00f5li<\/p>\n","protected":false},"excerpt":{"rendered":"<p>Vaikne, juhtme\/juhtmeta, juuksel\u00f5ikusmasin professionaalseks kasutamiseks.\u00a0LED idikaatortuled kuvavad aku laetuse taset ja annavad m\u00e4rku, kui aku vajab laadimist.\u00a0Erinevad helisignaalid teavitavad laadimise alustamisest ja l\u00f5petamisest. Hoiatusheli \u00fclekoormuse eest. Tehnilised andmed: Li-Ion aku mootor: DC, kiirus 5000 p\/min 100\u2013240 V, 50\u201360 Hz m\u00f5\u00f5tmed: 178*46*50 mm akutoitel t\u00f6\u00f6tab &#8211; 90 min. aku laadimisaeg &#8211; 60 min. l\u00f5iketera pikkuse reguleerimine [&hellip;]<\/p>\n","protected":false},"featured_media":3049,"comment_status":"closed","ping_status":"closed","template":"","meta":[],"product_cat":[668,401,280,286],"product_tag":[],"class_list":{"0":"post-3048","1":"product","2":"type-product","3":"status-publish","4":"has-post-thumbnail","6":"product_cat-moser","7":"product_cat-juuksuri-tarvikud","8":"product_cat-elektrilised-toovahendid","9":"product_cat-loikusmasinad-ja-trimmerid","11":"first","12":"outofstock","13":"taxable","14":"shipping-taxable","15":"purchasable","16":"product-type-simple"},"_links":{"self":[{"href":"https:\/\/saxsim.ee\/swp\/wp-json\/wp\/v2\/product\/3048"}],"collection":[{"href":"https:\/\/saxsim.ee\/swp\/wp-json\/wp\/v2\/product"}],"about":[{"href":"https:\/\/saxsim.ee\/swp\/wp-json\/wp\/v2\/types\/product"}],"replies":[{"embeddable":true,"href":"https:\/\/saxsim.ee\/swp\/wp-json\/wp\/v2\/comments?post=3048"}],"wp:featuredmedia":[{"embeddable":true,"href":"https:\/\/saxsim.ee\/swp\/wp-json\/wp\/v2\/media\/3049"}],"wp:attachment":[{"href":"https:\/\/saxsim.ee\/swp\/wp-json\/wp\/v2\/media?parent=3048"}],"wp:term":[{"taxonomy":"product_cat","embeddable":true,"href":"https:\/\/saxsim.ee\/swp\/wp-json\/wp\/v2\/product_cat?post=3048"},{"taxonomy":"product_tag","embeddable":true,"href":"https:\/\/saxsim.ee\/swp\/wp-json\/wp\/v2\/product_tag?post=3048"}],"curies":[{"name":"wp","href":"https:\/\/api.w.org\/{rel}","templated":true}]}}