{"id":3041,"date":"2017-04-16T09:37:42","date_gmt":"2017-04-16T06:37:42","guid":{"rendered":"https:\/\/www.saxsim.ee\/swp\/?post_type=product&#038;p=3041"},"modified":"2023-10-18T11:17:41","modified_gmt":"2023-10-18T08:17:41","slug":"panasonic-er-gp21-trimmer","status":"publish","type":"product","link":"https:\/\/saxsim.ee\/swp\/product\/panasonic-er-gp21-trimmer\/","title":{"rendered":"Panasonic ER-GP21 &#8211; trimmer"},"content":{"rendered":"<p>Kerge,\u00a0juhtmega\/juhtmeta trimmer.<\/p>\n<p><strong>Tehnilised andmed:<\/strong><\/p>\n<p>Li-Ion aku<br \/>\nakutoitel t\u00f6\u00f6tab &#8211; 40 min.<br \/>\naku laadimisaeg &#8211; \u00a0min.<br \/>\nl\u00f5iketera k\u00f5rgus &#8211; \u00a0mm.<br \/>\nkaal &#8211; 115 g.<br \/>\njuhe &#8211; \u00a0m.<br \/>\nindikaatortuled\u00a0aku laetusastme kuvamiseks<br \/>\ntera \u00f5litamise m\u00e4rgutuli<\/p>\n<p><strong>Komplektis:<\/strong><\/p>\n<p>1 Panasonic ER-GP21 ( laius &#8211; 32 mm. )<br \/>\n2 l\u00f5ikustalda ( 3 mm. ja 6 mm. )<br \/>\nlaadimisalus koos juhtmega<br \/>\npuhastushari<br \/>\nmasina\u00f5li<\/p>\n","protected":false},"excerpt":{"rendered":"<p>Kerge,\u00a0juhtmega\/juhtmeta trimmer. Tehnilised andmed: Li-Ion aku akutoitel t\u00f6\u00f6tab &#8211; 40 min. aku laadimisaeg &#8211; \u00a0min. l\u00f5iketera k\u00f5rgus &#8211; \u00a0mm. kaal &#8211; 115 g. juhe &#8211; \u00a0m. indikaatortuled\u00a0aku laetusastme kuvamiseks tera \u00f5litamise m\u00e4rgutuli Komplektis: 1 Panasonic ER-GP21 ( laius &#8211; 32 mm. ) 2 l\u00f5ikustalda ( 3 mm. ja 6 mm. ) laadimisalus koos juhtmega puhastushari [&hellip;]<\/p>\n","protected":false},"featured_media":3042,"comment_status":"closed","ping_status":"closed","template":"","meta":[],"product_cat":[669,401,280,286],"product_tag":[],"class_list":{"0":"post-3041","1":"product","2":"type-product","3":"status-publish","4":"has-post-thumbnail","6":"product_cat-panasonic","7":"product_cat-juuksuri-tarvikud","8":"product_cat-elektrilised-toovahendid","9":"product_cat-loikusmasinad-ja-trimmerid","11":"first","12":"outofstock","13":"taxable","14":"shipping-taxable","15":"purchasable","16":"product-type-simple"},"_links":{"self":[{"href":"https:\/\/saxsim.ee\/swp\/wp-json\/wp\/v2\/product\/3041"}],"collection":[{"href":"https:\/\/saxsim.ee\/swp\/wp-json\/wp\/v2\/product"}],"about":[{"href":"https:\/\/saxsim.ee\/swp\/wp-json\/wp\/v2\/types\/product"}],"replies":[{"embeddable":true,"href":"https:\/\/saxsim.ee\/swp\/wp-json\/wp\/v2\/comments?post=3041"}],"wp:featuredmedia":[{"embeddable":true,"href":"https:\/\/saxsim.ee\/swp\/wp-json\/wp\/v2\/media\/3042"}],"wp:attachment":[{"href":"https:\/\/saxsim.ee\/swp\/wp-json\/wp\/v2\/media?parent=3041"}],"wp:term":[{"taxonomy":"product_cat","embeddable":true,"href":"https:\/\/saxsim.ee\/swp\/wp-json\/wp\/v2\/product_cat?post=3041"},{"taxonomy":"product_tag","embeddable":true,"href":"https:\/\/saxsim.ee\/swp\/wp-json\/wp\/v2\/product_tag?post=3041"}],"curies":[{"name":"wp","href":"https:\/\/api.w.org\/{rel}","templated":true}]}}