{"id":3031,"date":"2017-04-14T11:45:19","date_gmt":"2017-04-14T08:45:19","guid":{"rendered":"https:\/\/www.saxsim.ee\/swp\/?post_type=product&#038;p=3031"},"modified":"2026-03-28T08:10:20","modified_gmt":"2026-03-28T06:10:20","slug":"sensido-jo55t","status":"publish","type":"product","link":"https:\/\/saxsim.ee\/swp\/product\/sensido-jo55t\/","title":{"rendered":"SensiDO JO55T &#8211; fileerk\u00e4\u00e4rid"},"content":{"rendered":"<p>40-hambaga fileerk\u00e4\u00e4rid, mis sobivad nii PAREMAK\u00c4ELISTELE, kui ka VASAKUK\u00c4ELISTELE.<\/p>\n<p>&nbsp;<\/p>\n","protected":false},"excerpt":{"rendered":"<p>40-hambaga fileerk\u00e4\u00e4rid, mis sobivad nii PAREMAK\u00c4ELISTELE, kui ka VASAKUK\u00c4ELISTELE. &nbsp;<\/p>\n","protected":false},"featured_media":3032,"comment_status":"closed","ping_status":"closed","template":"","meta":[],"product_cat":[401,174,277,740],"product_tag":[],"class_list":{"0":"post-3031","1":"product","2":"type-product","3":"status-publish","4":"has-post-thumbnail","6":"product_cat-juuksuri-tarvikud","7":"product_cat-kaarid","8":"product_cat-fileerkaarid","9":"product_cat-vasakukaeliste-kaarid","11":"first","12":"instock","13":"taxable","14":"shipping-taxable","15":"purchasable","16":"product-type-simple"},"_links":{"self":[{"href":"https:\/\/saxsim.ee\/swp\/wp-json\/wp\/v2\/product\/3031"}],"collection":[{"href":"https:\/\/saxsim.ee\/swp\/wp-json\/wp\/v2\/product"}],"about":[{"href":"https:\/\/saxsim.ee\/swp\/wp-json\/wp\/v2\/types\/product"}],"replies":[{"embeddable":true,"href":"https:\/\/saxsim.ee\/swp\/wp-json\/wp\/v2\/comments?post=3031"}],"wp:featuredmedia":[{"embeddable":true,"href":"https:\/\/saxsim.ee\/swp\/wp-json\/wp\/v2\/media\/3032"}],"wp:attachment":[{"href":"https:\/\/saxsim.ee\/swp\/wp-json\/wp\/v2\/media?parent=3031"}],"wp:term":[{"taxonomy":"product_cat","embeddable":true,"href":"https:\/\/saxsim.ee\/swp\/wp-json\/wp\/v2\/product_cat?post=3031"},{"taxonomy":"product_tag","embeddable":true,"href":"https:\/\/saxsim.ee\/swp\/wp-json\/wp\/v2\/product_tag?post=3031"}],"curies":[{"name":"wp","href":"https:\/\/api.w.org\/{rel}","templated":true}]}}