{"id":2999,"date":"2017-04-14T09:18:26","date_gmt":"2017-04-14T06:18:26","guid":{"rendered":"https:\/\/www.saxsim.ee\/swp\/?post_type=product&#038;p=2999"},"modified":"2023-06-15T09:57:11","modified_gmt":"2023-06-15T06:57:11","slug":"trolley-passy-tookaru","status":"publish","type":"product","link":"https:\/\/saxsim.ee\/swp\/product\/trolley-passy-tookaru\/","title":{"rendered":"Trolley, Passy &#8211; t\u00f6\u00f6k\u00e4ru"},"content":{"rendered":"<p>V\u00e4ikeste\u00a0ratastega, soodne, 4 sahtliga t\u00f6\u00f6k\u00e4ru.<\/p>\n<p>K\u00f5rgus &#8211; 90,0 cm.<\/p>\n<p>Laius &#8211; 37,0 cm.<\/p>\n<p>S\u00fcgavus &#8211; 37,5 cm.<\/p>\n<p>&nbsp;<\/p>\n","protected":false},"excerpt":{"rendered":"<p>V\u00e4ikeste\u00a0ratastega, soodne, 4 sahtliga t\u00f6\u00f6k\u00e4ru. K\u00f5rgus &#8211; 90,0 cm. Laius &#8211; 37,0 cm. S\u00fcgavus &#8211; 37,5 cm. &nbsp;<\/p>\n","protected":false},"featured_media":3000,"comment_status":"closed","ping_status":"closed","template":"","meta":[],"product_cat":[325,334,401],"product_tag":[],"class_list":{"0":"post-2999","1":"product","2":"type-product","3":"status-publish","4":"has-post-thumbnail","6":"product_cat-juuksuri-ja-ilusalongi-sisustus","7":"product_cat-tookarud","8":"product_cat-juuksuri-tarvikud","10":"first","11":"instock","12":"taxable","13":"shipping-taxable","14":"purchasable","15":"product-type-simple"},"_links":{"self":[{"href":"https:\/\/saxsim.ee\/swp\/wp-json\/wp\/v2\/product\/2999"}],"collection":[{"href":"https:\/\/saxsim.ee\/swp\/wp-json\/wp\/v2\/product"}],"about":[{"href":"https:\/\/saxsim.ee\/swp\/wp-json\/wp\/v2\/types\/product"}],"replies":[{"embeddable":true,"href":"https:\/\/saxsim.ee\/swp\/wp-json\/wp\/v2\/comments?post=2999"}],"wp:featuredmedia":[{"embeddable":true,"href":"https:\/\/saxsim.ee\/swp\/wp-json\/wp\/v2\/media\/3000"}],"wp:attachment":[{"href":"https:\/\/saxsim.ee\/swp\/wp-json\/wp\/v2\/media?parent=2999"}],"wp:term":[{"taxonomy":"product_cat","embeddable":true,"href":"https:\/\/saxsim.ee\/swp\/wp-json\/wp\/v2\/product_cat?post=2999"},{"taxonomy":"product_tag","embeddable":true,"href":"https:\/\/saxsim.ee\/swp\/wp-json\/wp\/v2\/product_tag?post=2999"}],"curies":[{"name":"wp","href":"https:\/\/api.w.org\/{rel}","templated":true}]}}