{"id":2996,"date":"2017-04-14T09:11:19","date_gmt":"2017-04-14T06:11:19","guid":{"rendered":"https:\/\/www.saxsim.ee\/swp\/?post_type=product&#038;p=2996"},"modified":"2025-09-27T13:22:59","modified_gmt":"2025-09-27T10:22:59","slug":"salon-stool-rivoli-tootool","status":"publish","type":"product","link":"https:\/\/saxsim.ee\/swp\/product\/salon-stool-rivoli-tootool\/","title":{"rendered":"Salon Stool, Rivoli &#8211; t\u00f6\u00f6tool"},"content":{"rendered":"<p>\u00dcmmarguse istmega\u00a0t\u00f6\u00f6tool juuksurile v\u00f5i kosmeetikule.<\/p>\n<p>5-haruline plastjalg,\u00a0\u00f8 50 cm<\/p>\n<p>reguleeritava k\u00f5rgusega ( 50,5 &#8211; 72,5 cm. ) gaasipump<\/p>\n<p>&nbsp;<\/p>\n","protected":false},"excerpt":{"rendered":"<p>\u00dcmmarguse istmega\u00a0t\u00f6\u00f6tool juuksurile v\u00f5i kosmeetikule. 5-haruline plastjalg,\u00a0\u00f8 50 cm reguleeritava k\u00f5rgusega ( 50,5 &#8211; 72,5 cm. ) gaasipump &nbsp;<\/p>\n","protected":false},"featured_media":2997,"comment_status":"closed","ping_status":"closed","template":"","meta":[],"product_cat":[325,333,400,589,577,401],"product_tag":[],"class_list":{"0":"post-2996","1":"product","2":"type-product","3":"status-publish","4":"has-post-thumbnail","6":"product_cat-juuksuri-ja-ilusalongi-sisustus","7":"product_cat-tootoolid","8":"product_cat-ilusalongi-sisustus","9":"product_cat-tootoolid-ilusalongi-sisustus","10":"product_cat-iluteenindaja-tarvikud","11":"product_cat-juuksuri-tarvikud","13":"first","14":"instock","15":"taxable","16":"shipping-taxable","17":"purchasable","18":"product-type-simple"},"_links":{"self":[{"href":"https:\/\/saxsim.ee\/swp\/wp-json\/wp\/v2\/product\/2996"}],"collection":[{"href":"https:\/\/saxsim.ee\/swp\/wp-json\/wp\/v2\/product"}],"about":[{"href":"https:\/\/saxsim.ee\/swp\/wp-json\/wp\/v2\/types\/product"}],"replies":[{"embeddable":true,"href":"https:\/\/saxsim.ee\/swp\/wp-json\/wp\/v2\/comments?post=2996"}],"wp:featuredmedia":[{"embeddable":true,"href":"https:\/\/saxsim.ee\/swp\/wp-json\/wp\/v2\/media\/2997"}],"wp:attachment":[{"href":"https:\/\/saxsim.ee\/swp\/wp-json\/wp\/v2\/media?parent=2996"}],"wp:term":[{"taxonomy":"product_cat","embeddable":true,"href":"https:\/\/saxsim.ee\/swp\/wp-json\/wp\/v2\/product_cat?post=2996"},{"taxonomy":"product_tag","embeddable":true,"href":"https:\/\/saxsim.ee\/swp\/wp-json\/wp\/v2\/product_tag?post=2996"}],"curies":[{"name":"wp","href":"https:\/\/api.w.org\/{rel}","templated":true}]}}