{"id":2968,"date":"2017-04-13T22:24:11","date_gmt":"2017-04-13T19:24:11","guid":{"rendered":"https:\/\/www.saxsim.ee\/swp\/?post_type=product&#038;p=2968"},"modified":"2025-09-28T10:09:57","modified_gmt":"2025-09-28T07:09:57","slug":"midpoint-toovahendite-tasku-pesukohale","status":"publish","type":"product","link":"https:\/\/saxsim.ee\/swp\/product\/midpoint-toovahendite-tasku-pesukohale\/","title":{"rendered":"Midpoint &#8211; t\u00f6\u00f6vahendite tasku pesukohale"},"content":{"rendered":"<p>Iminappadega pesukoha k\u00fclge kinnituv silikoonist t\u00f6\u00f6vahendite tasku, et kammid, harjad&#8230; oleks k\u00e4ep\u00e4rast.<\/p>\n<p>&nbsp;<\/p>\n<p>&nbsp;<\/p>\n","protected":false},"excerpt":{"rendered":"<p>Iminappadega pesukoha k\u00fclge kinnituv silikoonist t\u00f6\u00f6vahendite tasku, et kammid, harjad&#8230; oleks k\u00e4ep\u00e4rast. &nbsp; &nbsp;<\/p>\n","protected":false},"featured_media":2969,"comment_status":"closed","ping_status":"closed","template":"","meta":[],"product_cat":[325,375,401],"product_tag":[],"class_list":{"0":"post-2968","1":"product","2":"type-product","3":"status-publish","4":"has-post-thumbnail","6":"product_cat-juuksuri-ja-ilusalongi-sisustus","7":"product_cat-pesukohad","8":"product_cat-juuksuri-tarvikud","10":"first","11":"instock","12":"taxable","13":"shipping-taxable","14":"purchasable","15":"product-type-simple"},"_links":{"self":[{"href":"https:\/\/saxsim.ee\/swp\/wp-json\/wp\/v2\/product\/2968"}],"collection":[{"href":"https:\/\/saxsim.ee\/swp\/wp-json\/wp\/v2\/product"}],"about":[{"href":"https:\/\/saxsim.ee\/swp\/wp-json\/wp\/v2\/types\/product"}],"replies":[{"embeddable":true,"href":"https:\/\/saxsim.ee\/swp\/wp-json\/wp\/v2\/comments?post=2968"}],"wp:featuredmedia":[{"embeddable":true,"href":"https:\/\/saxsim.ee\/swp\/wp-json\/wp\/v2\/media\/2969"}],"wp:attachment":[{"href":"https:\/\/saxsim.ee\/swp\/wp-json\/wp\/v2\/media?parent=2968"}],"wp:term":[{"taxonomy":"product_cat","embeddable":true,"href":"https:\/\/saxsim.ee\/swp\/wp-json\/wp\/v2\/product_cat?post=2968"},{"taxonomy":"product_tag","embeddable":true,"href":"https:\/\/saxsim.ee\/swp\/wp-json\/wp\/v2\/product_tag?post=2968"}],"curies":[{"name":"wp","href":"https:\/\/api.w.org\/{rel}","templated":true}]}}