{"id":2956,"date":"2017-04-13T20:51:10","date_gmt":"2017-04-13T17:51:10","guid":{"rendered":"https:\/\/www.saxsim.ee\/swp\/?post_type=product&#038;p=2956"},"modified":"2017-05-30T23:04:30","modified_gmt":"2017-05-30T20:04:30","slug":"scissor-holster-case-2-toovahendite-kott","status":"publish","type":"product","link":"https:\/\/saxsim.ee\/swp\/product\/scissor-holster-case-2-toovahendite-kott\/","title":{"rendered":"Scissor Holster, Case 2 \u2013 t\u00f6\u00f6vahendite kott"},"content":{"rendered":"<p>T\u00f6\u00f6vahendite kott 2 k\u00e4\u00e4rile ja lahter visiitkaartidele.*<\/p>\n<p>M\u00f5\u00f5dud &#8211; 20,5*9,5-26,5 cm.<\/p>\n<p>*Tarvikud ei kuulu toote juurde!<\/p>\n<p>&nbsp;<\/p>\n<p>&nbsp;<\/p>\n","protected":false},"excerpt":{"rendered":"<p>T\u00f6\u00f6vahendite kott 2 k\u00e4\u00e4rile ja lahter visiitkaartidele.* M\u00f5\u00f5dud &#8211; 20,5*9,5-26,5 cm. *Tarvikud ei kuulu toote juurde! &nbsp; &nbsp;<\/p>\n","protected":false},"featured_media":2957,"comment_status":"closed","ping_status":"closed","template":"","meta":[],"product_cat":[401,313],"product_tag":[],"class_list":{"0":"post-2956","1":"product","2":"type-product","3":"status-publish","4":"has-post-thumbnail","6":"product_cat-juuksuri-tarvikud","7":"product_cat-kohvrid-ja-kotid","9":"first","10":"instock","11":"taxable","12":"shipping-taxable","13":"purchasable","14":"product-type-simple"},"_links":{"self":[{"href":"https:\/\/saxsim.ee\/swp\/wp-json\/wp\/v2\/product\/2956"}],"collection":[{"href":"https:\/\/saxsim.ee\/swp\/wp-json\/wp\/v2\/product"}],"about":[{"href":"https:\/\/saxsim.ee\/swp\/wp-json\/wp\/v2\/types\/product"}],"replies":[{"embeddable":true,"href":"https:\/\/saxsim.ee\/swp\/wp-json\/wp\/v2\/comments?post=2956"}],"wp:featuredmedia":[{"embeddable":true,"href":"https:\/\/saxsim.ee\/swp\/wp-json\/wp\/v2\/media\/2957"}],"wp:attachment":[{"href":"https:\/\/saxsim.ee\/swp\/wp-json\/wp\/v2\/media?parent=2956"}],"wp:term":[{"taxonomy":"product_cat","embeddable":true,"href":"https:\/\/saxsim.ee\/swp\/wp-json\/wp\/v2\/product_cat?post=2956"},{"taxonomy":"product_tag","embeddable":true,"href":"https:\/\/saxsim.ee\/swp\/wp-json\/wp\/v2\/product_tag?post=2956"}],"curies":[{"name":"wp","href":"https:\/\/api.w.org\/{rel}","templated":true}]}}