{"id":2953,"date":"2017-04-13T20:44:13","date_gmt":"2017-04-13T17:44:13","guid":{"rendered":"https:\/\/www.saxsim.ee\/swp\/?post_type=product&#038;p=2953"},"modified":"2020-02-12T21:05:06","modified_gmt":"2020-02-12T19:05:06","slug":"equipment-holster-wallet-6-toovahendite-kott","status":"publish","type":"product","link":"https:\/\/saxsim.ee\/swp\/product\/equipment-holster-wallet-6-toovahendite-kott\/","title":{"rendered":"Equipment Holster, Wallet 6 &#8211; t\u00f6\u00f6vahendite kott"},"content":{"rendered":"<p class=\"product_title entry-title\">T\u00f6\u00f6vahendite kott 6 k\u00e4\u00e4rile ja\u00a0teistele t\u00f6\u00f6vahenditele. Kotil on 2 eraldi, lukuga lahtrit.<\/p>\n<p>M\u00f5\u00f5dud &#8211; 15*24*4 cm.<\/p>\n<p>*Tarvikud ei kuulu toote juurde!<\/p>\n<p>&nbsp;<\/p>\n","protected":false},"excerpt":{"rendered":"<p>T\u00f6\u00f6vahendite kott 6 k\u00e4\u00e4rile ja\u00a0teistele t\u00f6\u00f6vahenditele. Kotil on 2 eraldi, lukuga lahtrit. M\u00f5\u00f5dud &#8211; 15*24*4 cm. *Tarvikud ei kuulu toote juurde! &nbsp;<\/p>\n","protected":false},"featured_media":2955,"comment_status":"closed","ping_status":"closed","template":"","meta":[],"product_cat":[401,313],"product_tag":[],"class_list":{"0":"post-2953","1":"product","2":"type-product","3":"status-publish","4":"has-post-thumbnail","6":"product_cat-juuksuri-tarvikud","7":"product_cat-kohvrid-ja-kotid","9":"first","10":"instock","11":"taxable","12":"shipping-taxable","13":"purchasable","14":"product-type-simple"},"_links":{"self":[{"href":"https:\/\/saxsim.ee\/swp\/wp-json\/wp\/v2\/product\/2953"}],"collection":[{"href":"https:\/\/saxsim.ee\/swp\/wp-json\/wp\/v2\/product"}],"about":[{"href":"https:\/\/saxsim.ee\/swp\/wp-json\/wp\/v2\/types\/product"}],"replies":[{"embeddable":true,"href":"https:\/\/saxsim.ee\/swp\/wp-json\/wp\/v2\/comments?post=2953"}],"wp:featuredmedia":[{"embeddable":true,"href":"https:\/\/saxsim.ee\/swp\/wp-json\/wp\/v2\/media\/2955"}],"wp:attachment":[{"href":"https:\/\/saxsim.ee\/swp\/wp-json\/wp\/v2\/media?parent=2953"}],"wp:term":[{"taxonomy":"product_cat","embeddable":true,"href":"https:\/\/saxsim.ee\/swp\/wp-json\/wp\/v2\/product_cat?post=2953"},{"taxonomy":"product_tag","embeddable":true,"href":"https:\/\/saxsim.ee\/swp\/wp-json\/wp\/v2\/product_tag?post=2953"}],"curies":[{"name":"wp","href":"https:\/\/api.w.org\/{rel}","templated":true}]}}