{"id":2949,"date":"2017-04-13T20:37:03","date_gmt":"2017-04-13T17:37:03","guid":{"rendered":"https:\/\/www.saxsim.ee\/swp\/?post_type=product&#038;p=2949"},"modified":"2023-10-22T13:02:32","modified_gmt":"2023-10-22T10:02:32","slug":"equipment-holster-colombus-toovahendite-kott","status":"publish","type":"product","link":"https:\/\/saxsim.ee\/swp\/product\/equipment-holster-colombus-toovahendite-kott\/","title":{"rendered":"Equipment Holster, Colombus \u2013 t\u00f6\u00f6vahendite kott"},"content":{"rendered":"<p>Kunstnahast t\u00f6\u00f6vahendite kott k\u00e4\u00e4ridele, kammidele v\u00f5i teistele t\u00f6\u00f6vahenditele.*<\/p>\n<p>M\u00f5\u00f5dud &#8211; 26*13-53 cm.<\/p>\n<p>*Tarvikud ei kuulu toote juurde!<\/p>\n<p>&nbsp;<\/p>\n<p>&nbsp;<\/p>\n","protected":false},"excerpt":{"rendered":"<p>Kunstnahast t\u00f6\u00f6vahendite kott k\u00e4\u00e4ridele, kammidele v\u00f5i teistele t\u00f6\u00f6vahenditele.* M\u00f5\u00f5dud &#8211; 26*13-53 cm. *Tarvikud ei kuulu toote juurde! &nbsp; &nbsp;<\/p>\n","protected":false},"featured_media":2950,"comment_status":"closed","ping_status":"closed","template":"","meta":[],"product_cat":[401,313],"product_tag":[],"class_list":{"0":"post-2949","1":"product","2":"type-product","3":"status-publish","4":"has-post-thumbnail","6":"product_cat-juuksuri-tarvikud","7":"product_cat-kohvrid-ja-kotid","9":"first","10":"instock","11":"taxable","12":"shipping-taxable","13":"purchasable","14":"product-type-simple"},"_links":{"self":[{"href":"https:\/\/saxsim.ee\/swp\/wp-json\/wp\/v2\/product\/2949"}],"collection":[{"href":"https:\/\/saxsim.ee\/swp\/wp-json\/wp\/v2\/product"}],"about":[{"href":"https:\/\/saxsim.ee\/swp\/wp-json\/wp\/v2\/types\/product"}],"replies":[{"embeddable":true,"href":"https:\/\/saxsim.ee\/swp\/wp-json\/wp\/v2\/comments?post=2949"}],"wp:featuredmedia":[{"embeddable":true,"href":"https:\/\/saxsim.ee\/swp\/wp-json\/wp\/v2\/media\/2950"}],"wp:attachment":[{"href":"https:\/\/saxsim.ee\/swp\/wp-json\/wp\/v2\/media?parent=2949"}],"wp:term":[{"taxonomy":"product_cat","embeddable":true,"href":"https:\/\/saxsim.ee\/swp\/wp-json\/wp\/v2\/product_cat?post=2949"},{"taxonomy":"product_tag","embeddable":true,"href":"https:\/\/saxsim.ee\/swp\/wp-json\/wp\/v2\/product_tag?post=2949"}],"curies":[{"name":"wp","href":"https:\/\/api.w.org\/{rel}","templated":true}]}}