{"id":2938,"date":"2017-04-13T19:50:08","date_gmt":"2017-04-13T16:50:08","guid":{"rendered":"https:\/\/www.saxsim.ee\/swp\/?post_type=product&#038;p=2938"},"modified":"2017-05-31T00:26:11","modified_gmt":"2017-05-30T21:26:11","slug":"trio-holster-vookott","status":"publish","type":"product","link":"https:\/\/saxsim.ee\/swp\/product\/trio-holster-vookott\/","title":{"rendered":"Trio Holster &#8211; v\u00f6\u00f6kott"},"content":{"rendered":"<p>V\u00f6\u00f6kott k\u00e4\u00e4ridele + lahter kammidele v\u00f5i teistele t\u00f6\u00f6vahenditele. Reguleeritav \u00f5larihm on tehtud nailonist.<\/p>\n<p>M\u00f5\u00f5dud &#8211; 16*15 cm.<\/p>\n<p>*Tarvikud ei kuulu toote juurde!<\/p>\n<p>&nbsp;<\/p>\n","protected":false},"excerpt":{"rendered":"<p>V\u00f6\u00f6kott k\u00e4\u00e4ridele + lahter kammidele v\u00f5i teistele t\u00f6\u00f6vahenditele. Reguleeritav \u00f5larihm on tehtud nailonist. M\u00f5\u00f5dud &#8211; 16*15 cm. *Tarvikud ei kuulu toote juurde! &nbsp;<\/p>\n","protected":false},"featured_media":2940,"comment_status":"closed","ping_status":"closed","template":"","meta":[],"product_cat":[401,313],"product_tag":[],"class_list":{"0":"post-2938","1":"product","2":"type-product","3":"status-publish","4":"has-post-thumbnail","6":"product_cat-juuksuri-tarvikud","7":"product_cat-kohvrid-ja-kotid","9":"first","10":"instock","11":"taxable","12":"shipping-taxable","13":"purchasable","14":"product-type-simple"},"_links":{"self":[{"href":"https:\/\/saxsim.ee\/swp\/wp-json\/wp\/v2\/product\/2938"}],"collection":[{"href":"https:\/\/saxsim.ee\/swp\/wp-json\/wp\/v2\/product"}],"about":[{"href":"https:\/\/saxsim.ee\/swp\/wp-json\/wp\/v2\/types\/product"}],"replies":[{"embeddable":true,"href":"https:\/\/saxsim.ee\/swp\/wp-json\/wp\/v2\/comments?post=2938"}],"wp:featuredmedia":[{"embeddable":true,"href":"https:\/\/saxsim.ee\/swp\/wp-json\/wp\/v2\/media\/2940"}],"wp:attachment":[{"href":"https:\/\/saxsim.ee\/swp\/wp-json\/wp\/v2\/media?parent=2938"}],"wp:term":[{"taxonomy":"product_cat","embeddable":true,"href":"https:\/\/saxsim.ee\/swp\/wp-json\/wp\/v2\/product_cat?post=2938"},{"taxonomy":"product_tag","embeddable":true,"href":"https:\/\/saxsim.ee\/swp\/wp-json\/wp\/v2\/product_tag?post=2938"}],"curies":[{"name":"wp","href":"https:\/\/api.w.org\/{rel}","templated":true}]}}