{"id":2933,"date":"2017-04-13T19:31:40","date_gmt":"2017-04-13T16:31:40","guid":{"rendered":"https:\/\/www.saxsim.ee\/swp\/?post_type=product&#038;p=2933"},"modified":"2024-09-29T12:05:33","modified_gmt":"2024-09-29T09:05:33","slug":"equipment-holster-marco-toovahendite-kott","status":"publish","type":"product","link":"https:\/\/saxsim.ee\/swp\/product\/equipment-holster-marco-toovahendite-kott\/","title":{"rendered":"Equipment Holster, Marco &#8211; t\u00f6\u00f6vahendite kott"},"content":{"rendered":"<p>T\u00f6\u00f6riistavutlar k\u00e4\u00e4ridele, kammidele ja teistele t\u00f6\u00f6vahenditele.<\/p>\n<p>&nbsp;<\/p>\n<p>&nbsp;<\/p>\n","protected":false},"excerpt":{"rendered":"<p>T\u00f6\u00f6riistavutlar k\u00e4\u00e4ridele, kammidele ja teistele t\u00f6\u00f6vahenditele. &nbsp; &nbsp;<\/p>\n","protected":false},"featured_media":2934,"comment_status":"closed","ping_status":"closed","template":"","meta":[],"product_cat":[401,313],"product_tag":[],"class_list":{"0":"post-2933","1":"product","2":"type-product","3":"status-publish","4":"has-post-thumbnail","6":"product_cat-juuksuri-tarvikud","7":"product_cat-kohvrid-ja-kotid","9":"first","10":"instock","11":"taxable","12":"shipping-taxable","13":"purchasable","14":"product-type-simple"},"_links":{"self":[{"href":"https:\/\/saxsim.ee\/swp\/wp-json\/wp\/v2\/product\/2933"}],"collection":[{"href":"https:\/\/saxsim.ee\/swp\/wp-json\/wp\/v2\/product"}],"about":[{"href":"https:\/\/saxsim.ee\/swp\/wp-json\/wp\/v2\/types\/product"}],"replies":[{"embeddable":true,"href":"https:\/\/saxsim.ee\/swp\/wp-json\/wp\/v2\/comments?post=2933"}],"wp:featuredmedia":[{"embeddable":true,"href":"https:\/\/saxsim.ee\/swp\/wp-json\/wp\/v2\/media\/2934"}],"wp:attachment":[{"href":"https:\/\/saxsim.ee\/swp\/wp-json\/wp\/v2\/media?parent=2933"}],"wp:term":[{"taxonomy":"product_cat","embeddable":true,"href":"https:\/\/saxsim.ee\/swp\/wp-json\/wp\/v2\/product_cat?post=2933"},{"taxonomy":"product_tag","embeddable":true,"href":"https:\/\/saxsim.ee\/swp\/wp-json\/wp\/v2\/product_tag?post=2933"}],"curies":[{"name":"wp","href":"https:\/\/api.w.org\/{rel}","templated":true}]}}