{"id":2923,"date":"2017-04-13T12:18:27","date_gmt":"2017-04-13T09:18:27","guid":{"rendered":"https:\/\/www.saxsim.ee\/swp\/?post_type=product&#038;p=2923"},"modified":"2019-02-13T21:00:50","modified_gmt":"2019-02-13T19:00:50","slug":"hot-instrument-cleaner-sterilisaator","status":"publish","type":"product","link":"https:\/\/saxsim.ee\/swp\/product\/hot-instrument-cleaner-sterilisaator\/","title":{"rendered":"Hot Instrument Cleaner &#8211; sterilisaator"},"content":{"rendered":"<p>K\u00f5rgel temperatuuril ( kuni 250\u00b0C ) t\u00f6\u00f6tav, kvartskuulidega sterilisaator metallist t\u00f6\u00f6riistadele. V\u00e4ltimatu t\u00f6\u00f6vahend juuksuri- ja kosmeetikasalongides, et tagada absoluutne h\u00fcgieen ja v\u00e4ltida klientide ja t\u00f6\u00f6tajate nakatumist pisikutega.<\/p>\n<p>V\u00f5imsus &#8211; 60 W<\/p>\n<p>Kasutamine &#8211; aseta metallist t\u00f6\u00f6vahendid 30 sek. sterilisaatorisse ja lase jahtuda normaaltemperatuurini.<\/p>\n<p>&nbsp;<\/p>\n","protected":false},"excerpt":{"rendered":"<p>K\u00f5rgel temperatuuril ( kuni 250\u00b0C ) t\u00f6\u00f6tav, kvartskuulidega sterilisaator metallist t\u00f6\u00f6riistadele. V\u00e4ltimatu t\u00f6\u00f6vahend juuksuri- ja kosmeetikasalongides, et tagada absoluutne h\u00fcgieen ja v\u00e4ltida klientide ja t\u00f6\u00f6tajate nakatumist pisikutega. V\u00f5imsus &#8211; 60 W Kasutamine &#8211; aseta metallist t\u00f6\u00f6vahendid 30 sek. sterilisaatorisse ja lase jahtuda normaaltemperatuurini. &nbsp;<\/p>\n","protected":false},"featured_media":5824,"comment_status":"closed","ping_status":"closed","template":"","meta":[],"product_cat":[591,577,364],"product_tag":[],"class_list":{"0":"post-2923","1":"product","2":"type-product","3":"status-publish","4":"has-post-thumbnail","6":"product_cat-sterilisaatorid-ilusalongi-sisustus","7":"product_cat-iluteenindaja-tarvikud","8":"product_cat-sterilisaatorid","10":"first","11":"instock","12":"taxable","13":"shipping-taxable","14":"purchasable","15":"product-type-simple"},"_links":{"self":[{"href":"https:\/\/saxsim.ee\/swp\/wp-json\/wp\/v2\/product\/2923"}],"collection":[{"href":"https:\/\/saxsim.ee\/swp\/wp-json\/wp\/v2\/product"}],"about":[{"href":"https:\/\/saxsim.ee\/swp\/wp-json\/wp\/v2\/types\/product"}],"replies":[{"embeddable":true,"href":"https:\/\/saxsim.ee\/swp\/wp-json\/wp\/v2\/comments?post=2923"}],"wp:featuredmedia":[{"embeddable":true,"href":"https:\/\/saxsim.ee\/swp\/wp-json\/wp\/v2\/media\/5824"}],"wp:attachment":[{"href":"https:\/\/saxsim.ee\/swp\/wp-json\/wp\/v2\/media?parent=2923"}],"wp:term":[{"taxonomy":"product_cat","embeddable":true,"href":"https:\/\/saxsim.ee\/swp\/wp-json\/wp\/v2\/product_cat?post=2923"},{"taxonomy":"product_tag","embeddable":true,"href":"https:\/\/saxsim.ee\/swp\/wp-json\/wp\/v2\/product_tag?post=2923"}],"curies":[{"name":"wp","href":"https:\/\/api.w.org\/{rel}","templated":true}]}}