{"id":2920,"date":"2017-04-13T12:16:44","date_gmt":"2017-04-13T09:16:44","guid":{"rendered":"https:\/\/www.saxsim.ee\/swp\/?post_type=product&#038;p=2920"},"modified":"2023-06-16T09:53:56","modified_gmt":"2023-06-16T06:53:56","slug":"uv-clean-for-tools-uv-sterilisaator","status":"publish","type":"product","link":"https:\/\/saxsim.ee\/swp\/product\/uv-clean-for-tools-uv-sterilisaator\/","title":{"rendered":"UV Clean For Tools &#8211; UV-sterilisaator"},"content":{"rendered":"<p>UV-sterilisaator t\u00f6\u00f6tab 30 min. ( vajalik aeg t\u00f6\u00f6vahendi t\u00f5husaks steriliseerimiseks ) ja l\u00fclitub siis automaatselt v\u00e4lja.\u00a0UV-sterilisaator t\u00f6\u00f6tab ainult suletud kaanega.<\/p>\n<p>M\u00f5\u00f5dud &#8211; 11*75*22 cm.<\/p>\n","protected":false},"excerpt":{"rendered":"<p>UV-sterilisaator t\u00f6\u00f6tab 30 min. ( vajalik aeg t\u00f6\u00f6vahendi t\u00f5husaks steriliseerimiseks ) ja l\u00fclitub siis automaatselt v\u00e4lja.\u00a0UV-sterilisaator t\u00f6\u00f6tab ainult suletud kaanega. M\u00f5\u00f5dud &#8211; 11*75*22 cm.<\/p>\n","protected":false},"featured_media":2921,"comment_status":"closed","ping_status":"closed","template":"","meta":[],"product_cat":[591,577,401,364],"product_tag":[],"class_list":{"0":"post-2920","1":"product","2":"type-product","3":"status-publish","4":"has-post-thumbnail","6":"product_cat-sterilisaatorid-ilusalongi-sisustus","7":"product_cat-iluteenindaja-tarvikud","8":"product_cat-juuksuri-tarvikud","9":"product_cat-sterilisaatorid","11":"first","12":"instock","13":"taxable","14":"shipping-taxable","15":"purchasable","16":"product-type-simple"},"_links":{"self":[{"href":"https:\/\/saxsim.ee\/swp\/wp-json\/wp\/v2\/product\/2920"}],"collection":[{"href":"https:\/\/saxsim.ee\/swp\/wp-json\/wp\/v2\/product"}],"about":[{"href":"https:\/\/saxsim.ee\/swp\/wp-json\/wp\/v2\/types\/product"}],"replies":[{"embeddable":true,"href":"https:\/\/saxsim.ee\/swp\/wp-json\/wp\/v2\/comments?post=2920"}],"wp:featuredmedia":[{"embeddable":true,"href":"https:\/\/saxsim.ee\/swp\/wp-json\/wp\/v2\/media\/2921"}],"wp:attachment":[{"href":"https:\/\/saxsim.ee\/swp\/wp-json\/wp\/v2\/media?parent=2920"}],"wp:term":[{"taxonomy":"product_cat","embeddable":true,"href":"https:\/\/saxsim.ee\/swp\/wp-json\/wp\/v2\/product_cat?post=2920"},{"taxonomy":"product_tag","embeddable":true,"href":"https:\/\/saxsim.ee\/swp\/wp-json\/wp\/v2\/product_tag?post=2920"}],"curies":[{"name":"wp","href":"https:\/\/api.w.org\/{rel}","templated":true}]}}