{"id":2914,"date":"2017-04-13T11:25:45","date_gmt":"2017-04-13T08:25:45","guid":{"rendered":"https:\/\/www.saxsim.ee\/swp\/?post_type=product&#038;p=2914"},"modified":"2019-03-09T16:28:10","modified_gmt":"2019-03-09T14:28:10","slug":"nail-buffer-kuunte-poleerija","status":"publish","type":"product","link":"https:\/\/saxsim.ee\/swp\/product\/nail-buffer-kuunte-poleerija\/","title":{"rendered":"Nail Buffer 150 &#8211; k\u00fc\u00fcnte poleerija"},"content":{"rendered":"<p>V\u00e4rviline\u00a0k\u00fc\u00fcnte plokkpoleer.<\/p>\n<p>Karedus &#8211; 150 grit.<\/p>\n<p>&nbsp;<\/p>\n","protected":false},"excerpt":{"rendered":"<p>V\u00e4rviline\u00a0k\u00fc\u00fcnte plokkpoleer. Karedus &#8211; 150 grit. &nbsp;<\/p>\n","protected":false},"featured_media":2915,"comment_status":"closed","ping_status":"closed","template":"","meta":[],"product_cat":[577,363],"product_tag":[],"class_list":{"0":"post-2914","1":"product","2":"type-product","3":"status-publish","4":"has-post-thumbnail","6":"product_cat-iluteenindaja-tarvikud","7":"product_cat-poleerijad","9":"first","10":"instock","11":"taxable","12":"shipping-taxable","13":"purchasable","14":"product-type-simple"},"_links":{"self":[{"href":"https:\/\/saxsim.ee\/swp\/wp-json\/wp\/v2\/product\/2914"}],"collection":[{"href":"https:\/\/saxsim.ee\/swp\/wp-json\/wp\/v2\/product"}],"about":[{"href":"https:\/\/saxsim.ee\/swp\/wp-json\/wp\/v2\/types\/product"}],"replies":[{"embeddable":true,"href":"https:\/\/saxsim.ee\/swp\/wp-json\/wp\/v2\/comments?post=2914"}],"wp:featuredmedia":[{"embeddable":true,"href":"https:\/\/saxsim.ee\/swp\/wp-json\/wp\/v2\/media\/2915"}],"wp:attachment":[{"href":"https:\/\/saxsim.ee\/swp\/wp-json\/wp\/v2\/media?parent=2914"}],"wp:term":[{"taxonomy":"product_cat","embeddable":true,"href":"https:\/\/saxsim.ee\/swp\/wp-json\/wp\/v2\/product_cat?post=2914"},{"taxonomy":"product_tag","embeddable":true,"href":"https:\/\/saxsim.ee\/swp\/wp-json\/wp\/v2\/product_tag?post=2914"}],"curies":[{"name":"wp","href":"https:\/\/api.w.org\/{rel}","templated":true}]}}