{"id":2913,"date":"2017-04-13T11:22:32","date_gmt":"2017-04-13T08:22:32","guid":{"rendered":"https:\/\/www.saxsim.ee\/swp\/?post_type=product&#038;p=2913"},"modified":"2019-03-09T16:28:52","modified_gmt":"2019-03-09T14:28:52","slug":"square-4-sided-nail-buffer-kuunte-poleerija-2","status":"publish","type":"product","link":"https:\/\/saxsim.ee\/swp\/product\/square-4-sided-nail-buffer-kuunte-poleerija-2\/","title":{"rendered":"Square 4-sided Nail Buffer 80\/120\/180\/240 &#8211; k\u00fc\u00fcnte poleerija"},"content":{"rendered":"<p>4-tahuline k\u00fc\u00fcnte plokkpoleer, mille iga tahk annab erineva poleerimistulemuse.<\/p>\n<p>Karedus &#8211;\u00a080\/120\/180\/240 grit.<\/p>\n<p>Pikkus &#8211; 9 cm.<\/p>\n<p>&nbsp;<\/p>\n<p>&nbsp;<\/p>\n","protected":false},"excerpt":{"rendered":"<p>4-tahuline k\u00fc\u00fcnte plokkpoleer, mille iga tahk annab erineva poleerimistulemuse. Karedus &#8211;\u00a080\/120\/180\/240 grit. Pikkus &#8211; 9 cm. &nbsp; &nbsp;<\/p>\n","protected":false},"featured_media":5828,"comment_status":"closed","ping_status":"closed","template":"","meta":[],"product_cat":[577,363],"product_tag":[],"class_list":{"0":"post-2913","1":"product","2":"type-product","3":"status-publish","4":"has-post-thumbnail","6":"product_cat-iluteenindaja-tarvikud","7":"product_cat-poleerijad","9":"first","10":"instock","11":"taxable","12":"shipping-taxable","13":"purchasable","14":"product-type-simple"},"_links":{"self":[{"href":"https:\/\/saxsim.ee\/swp\/wp-json\/wp\/v2\/product\/2913"}],"collection":[{"href":"https:\/\/saxsim.ee\/swp\/wp-json\/wp\/v2\/product"}],"about":[{"href":"https:\/\/saxsim.ee\/swp\/wp-json\/wp\/v2\/types\/product"}],"replies":[{"embeddable":true,"href":"https:\/\/saxsim.ee\/swp\/wp-json\/wp\/v2\/comments?post=2913"}],"wp:featuredmedia":[{"embeddable":true,"href":"https:\/\/saxsim.ee\/swp\/wp-json\/wp\/v2\/media\/5828"}],"wp:attachment":[{"href":"https:\/\/saxsim.ee\/swp\/wp-json\/wp\/v2\/media?parent=2913"}],"wp:term":[{"taxonomy":"product_cat","embeddable":true,"href":"https:\/\/saxsim.ee\/swp\/wp-json\/wp\/v2\/product_cat?post=2913"},{"taxonomy":"product_tag","embeddable":true,"href":"https:\/\/saxsim.ee\/swp\/wp-json\/wp\/v2\/product_tag?post=2913"}],"curies":[{"name":"wp","href":"https:\/\/api.w.org\/{rel}","templated":true}]}}