{"id":2902,"date":"2017-04-13T10:36:39","date_gmt":"2017-04-13T07:36:39","guid":{"rendered":"https:\/\/www.saxsim.ee\/swp\/?post_type=product&#038;p=2902"},"modified":"2019-03-09T16:31:31","modified_gmt":"2019-03-09T14:31:31","slug":"nail-buffer-deluxe-kuunte-poleerija","status":"publish","type":"product","link":"https:\/\/saxsim.ee\/swp\/product\/nail-buffer-deluxe-kuunte-poleerija\/","title":{"rendered":"Nail Buffer Deluxe &#8211; k\u00fc\u00fcnte poleerija"},"content":{"rendered":"<p>4-tahuline k\u00fc\u00fcnte poleerija, mille iga tahk annab erineva poleerimistulemuse.<\/p>\n<p>Pikkus &#8211; 15 cm.<\/p>\n<p>&nbsp;<\/p>\n","protected":false},"excerpt":{"rendered":"<p>4-tahuline k\u00fc\u00fcnte poleerija, mille iga tahk annab erineva poleerimistulemuse. Pikkus &#8211; 15 cm. &nbsp;<\/p>\n","protected":false},"featured_media":2903,"comment_status":"closed","ping_status":"closed","template":"","meta":[],"product_cat":[577,363],"product_tag":[],"class_list":{"0":"post-2902","1":"product","2":"type-product","3":"status-publish","4":"has-post-thumbnail","6":"product_cat-iluteenindaja-tarvikud","7":"product_cat-poleerijad","9":"first","10":"instock","11":"taxable","12":"shipping-taxable","13":"purchasable","14":"product-type-simple"},"_links":{"self":[{"href":"https:\/\/saxsim.ee\/swp\/wp-json\/wp\/v2\/product\/2902"}],"collection":[{"href":"https:\/\/saxsim.ee\/swp\/wp-json\/wp\/v2\/product"}],"about":[{"href":"https:\/\/saxsim.ee\/swp\/wp-json\/wp\/v2\/types\/product"}],"replies":[{"embeddable":true,"href":"https:\/\/saxsim.ee\/swp\/wp-json\/wp\/v2\/comments?post=2902"}],"wp:featuredmedia":[{"embeddable":true,"href":"https:\/\/saxsim.ee\/swp\/wp-json\/wp\/v2\/media\/2903"}],"wp:attachment":[{"href":"https:\/\/saxsim.ee\/swp\/wp-json\/wp\/v2\/media?parent=2902"}],"wp:term":[{"taxonomy":"product_cat","embeddable":true,"href":"https:\/\/saxsim.ee\/swp\/wp-json\/wp\/v2\/product_cat?post=2902"},{"taxonomy":"product_tag","embeddable":true,"href":"https:\/\/saxsim.ee\/swp\/wp-json\/wp\/v2\/product_tag?post=2902"}],"curies":[{"name":"wp","href":"https:\/\/api.w.org\/{rel}","templated":true}]}}