{"id":2891,"date":"2017-04-13T09:57:17","date_gmt":"2017-04-13T06:57:17","guid":{"rendered":"https:\/\/www.saxsim.ee\/swp\/?post_type=product&#038;p=2891"},"modified":"2023-06-16T09:52:13","modified_gmt":"2023-06-16T06:52:13","slug":"nail-and-cuticle-scissors-kuunekaarid","status":"publish","type":"product","link":"https:\/\/saxsim.ee\/swp\/product\/nail-and-cuticle-scissors-kuunekaarid\/","title":{"rendered":"Nail and Cuticle Scissors &#8211; k\u00fc\u00fcnek\u00e4\u00e4rid"},"content":{"rendered":"<p>Roostevabast terasest, kumera teraga k\u00fc\u00fcnek\u00e4\u00e4rid.<\/p>\n<p>Pikkus &#8211; 9,5 cm.<\/p>\n<p>&nbsp;<\/p>\n","protected":false},"excerpt":{"rendered":"<p>Roostevabast terasest, kumera teraga k\u00fc\u00fcnek\u00e4\u00e4rid. Pikkus &#8211; 9,5 cm. &nbsp;<\/p>\n","protected":false},"featured_media":2892,"comment_status":"closed","ping_status":"closed","template":"","meta":[],"product_cat":[577,359],"product_tag":[],"class_list":{"0":"post-2891","1":"product","2":"type-product","3":"status-publish","4":"has-post-thumbnail","6":"product_cat-iluteenindaja-tarvikud","7":"product_cat-kuunekaarid","9":"first","10":"instock","11":"taxable","12":"shipping-taxable","13":"purchasable","14":"product-type-simple"},"_links":{"self":[{"href":"https:\/\/saxsim.ee\/swp\/wp-json\/wp\/v2\/product\/2891"}],"collection":[{"href":"https:\/\/saxsim.ee\/swp\/wp-json\/wp\/v2\/product"}],"about":[{"href":"https:\/\/saxsim.ee\/swp\/wp-json\/wp\/v2\/types\/product"}],"replies":[{"embeddable":true,"href":"https:\/\/saxsim.ee\/swp\/wp-json\/wp\/v2\/comments?post=2891"}],"wp:featuredmedia":[{"embeddable":true,"href":"https:\/\/saxsim.ee\/swp\/wp-json\/wp\/v2\/media\/2892"}],"wp:attachment":[{"href":"https:\/\/saxsim.ee\/swp\/wp-json\/wp\/v2\/media?parent=2891"}],"wp:term":[{"taxonomy":"product_cat","embeddable":true,"href":"https:\/\/saxsim.ee\/swp\/wp-json\/wp\/v2\/product_cat?post=2891"},{"taxonomy":"product_tag","embeddable":true,"href":"https:\/\/saxsim.ee\/swp\/wp-json\/wp\/v2\/product_tag?post=2891"}],"curies":[{"name":"wp","href":"https:\/\/api.w.org\/{rel}","templated":true}]}}