{"id":2877,"date":"2017-04-13T09:02:08","date_gmt":"2017-04-13T06:02:08","guid":{"rendered":"https:\/\/www.saxsim.ee\/swp\/?post_type=product&#038;p=2877"},"modified":"2021-03-14T09:41:44","modified_gmt":"2021-03-14T07:41:44","slug":"dax-super-neat-juuksekreem","status":"publish","type":"product","link":"https:\/\/saxsim.ee\/swp\/product\/dax-super-neat-juuksekreem\/","title":{"rendered":"Dax Super-Neat &#8211; juuksekreem"},"content":{"rendered":"<p>Juuksekreem Dax Super-Neat sobib k\u00f5ikidele juukset\u00fc\u00fcpidele ja erinevatele stiilidele. Annab kerge toe. Spetsiaalne koostis hoiab h\u00e4sti stiili ja samas on kergesti mahapestav sooja veega.<\/p>\n<p><strong><u>Kasutamine:<\/u><\/strong>\u00a0soojenda soovitud kogus juuksekreemi k\u00e4te vahel. Kanna pestud, niisketesse v\u00f5i kuivadesse juustesse. Kujunda soeng s\u00f5rmeotstega, vastavalt oma soovile.<\/p>\n<p>&nbsp;<\/p>\n","protected":false},"excerpt":{"rendered":"<p>Juuksekreem Dax Super-Neat sobib k\u00f5ikidele juukset\u00fc\u00fcpidele ja erinevatele stiilidele. Annab kerge toe. Spetsiaalne koostis hoiab h\u00e4sti stiili ja samas on kergesti mahapestav sooja veega. Kasutamine:\u00a0soojenda soovitud kogus juuksekreemi k\u00e4te vahel. Kanna pestud, niisketesse v\u00f5i kuivadesse juustesse. Kujunda soeng s\u00f5rmeotstega, vastavalt oma soovile. &nbsp;<\/p>\n","protected":false},"featured_media":5213,"comment_status":"closed","ping_status":"closed","template":"","meta":[],"product_cat":[107,251,579,395,688],"product_tag":[],"class_list":{"0":"post-2877","1":"product","2":"type-product","3":"status-publish","4":"has-post-thumbnail","6":"product_cat-pakkumised","7":"product_cat-lopumuuk","8":"product_cat-dax-hair-wax","9":"product_cat-juuksed","10":"product_cat-soengukreemid","12":"first","13":"outofstock","14":"sale","15":"taxable","16":"shipping-taxable","17":"purchasable","18":"product-type-simple"},"_links":{"self":[{"href":"https:\/\/saxsim.ee\/swp\/wp-json\/wp\/v2\/product\/2877"}],"collection":[{"href":"https:\/\/saxsim.ee\/swp\/wp-json\/wp\/v2\/product"}],"about":[{"href":"https:\/\/saxsim.ee\/swp\/wp-json\/wp\/v2\/types\/product"}],"replies":[{"embeddable":true,"href":"https:\/\/saxsim.ee\/swp\/wp-json\/wp\/v2\/comments?post=2877"}],"wp:featuredmedia":[{"embeddable":true,"href":"https:\/\/saxsim.ee\/swp\/wp-json\/wp\/v2\/media\/5213"}],"wp:attachment":[{"href":"https:\/\/saxsim.ee\/swp\/wp-json\/wp\/v2\/media?parent=2877"}],"wp:term":[{"taxonomy":"product_cat","embeddable":true,"href":"https:\/\/saxsim.ee\/swp\/wp-json\/wp\/v2\/product_cat?post=2877"},{"taxonomy":"product_tag","embeddable":true,"href":"https:\/\/saxsim.ee\/swp\/wp-json\/wp\/v2\/product_tag?post=2877"}],"curies":[{"name":"wp","href":"https:\/\/api.w.org\/{rel}","templated":true}]}}