{"id":2863,"date":"2017-04-12T10:06:22","date_gmt":"2017-04-12T07:06:22","guid":{"rendered":"https:\/\/www.saxsim.ee\/swp\/?post_type=product&#038;p=2863"},"modified":"2026-04-11T14:28:15","modified_gmt":"2026-04-11T11:28:15","slug":"cellulose-squares-puhastuspadjakesed","status":"publish","type":"product","link":"https:\/\/saxsim.ee\/swp\/product\/cellulose-squares-puhastuspadjakesed\/","title":{"rendered":"Cellulose Squares &#8211; puhastuspadjakesed"},"content":{"rendered":"<p>Kosmeetilised padjakesed k\u00fc\u00fcnelaki eemaldamiseks v\u00f5i muudeks kosmeetiliteks protseduurideks.<\/p>\n<p>M\u00f5\u00f5dud &#8211; 4*5 cm.<\/p>\n<p>Pakend &#8211;\u00a02*500 tk.<\/p>\n<p>&nbsp;<\/p>\n","protected":false},"excerpt":{"rendered":"<p>Kosmeetilised padjakesed k\u00fc\u00fcnelaki eemaldamiseks v\u00f5i muudeks kosmeetiliteks protseduurideks. M\u00f5\u00f5dud &#8211; 4*5 cm. Pakend &#8211;\u00a02*500 tk. &nbsp;<\/p>\n","protected":false},"featured_media":2864,"comment_status":"closed","ping_status":"closed","template":"","meta":[],"product_cat":[577,583],"product_tag":[],"class_list":{"0":"post-2863","1":"product","2":"type-product","3":"status-publish","4":"has-post-thumbnail","6":"product_cat-iluteenindaja-tarvikud","7":"product_cat-uhekordsed-tooted-iluteenindaja-tarvikud","9":"first","10":"instock","11":"taxable","12":"shipping-taxable","13":"purchasable","14":"product-type-simple"},"_links":{"self":[{"href":"https:\/\/saxsim.ee\/swp\/wp-json\/wp\/v2\/product\/2863"}],"collection":[{"href":"https:\/\/saxsim.ee\/swp\/wp-json\/wp\/v2\/product"}],"about":[{"href":"https:\/\/saxsim.ee\/swp\/wp-json\/wp\/v2\/types\/product"}],"replies":[{"embeddable":true,"href":"https:\/\/saxsim.ee\/swp\/wp-json\/wp\/v2\/comments?post=2863"}],"wp:featuredmedia":[{"embeddable":true,"href":"https:\/\/saxsim.ee\/swp\/wp-json\/wp\/v2\/media\/2864"}],"wp:attachment":[{"href":"https:\/\/saxsim.ee\/swp\/wp-json\/wp\/v2\/media?parent=2863"}],"wp:term":[{"taxonomy":"product_cat","embeddable":true,"href":"https:\/\/saxsim.ee\/swp\/wp-json\/wp\/v2\/product_cat?post=2863"},{"taxonomy":"product_tag","embeddable":true,"href":"https:\/\/saxsim.ee\/swp\/wp-json\/wp\/v2\/product_tag?post=2863"}],"curies":[{"name":"wp","href":"https:\/\/api.w.org\/{rel}","templated":true}]}}