{"id":2860,"date":"2017-04-12T09:55:53","date_gmt":"2017-04-12T06:55:53","guid":{"rendered":"https:\/\/www.saxsim.ee\/swp\/?post_type=product&#038;p=2860"},"modified":"2024-09-29T13:36:17","modified_gmt":"2024-09-29T10:36:17","slug":"nail-files-zebra-kuuneviil","status":"publish","type":"product","link":"https:\/\/saxsim.ee\/swp\/product\/nail-files-zebra-kuuneviil\/","title":{"rendered":"Nail Files Zebra 200\/240 &#8211; k\u00fc\u00fcneviil"},"content":{"rendered":"<p>Kahepoolne, sirge k\u00fc\u00fcneviil.<\/p>\n<p>Karedus &#8211; 200\/240 ( grit )<\/p>\n<p>Pikkus &#8211; 17 cm.<\/p>\n<p>&nbsp;<\/p>\n","protected":false},"excerpt":{"rendered":"<p>Kahepoolne, sirge k\u00fc\u00fcneviil. Karedus &#8211; 200\/240 ( grit ) Pikkus &#8211; 17 cm. &nbsp;<\/p>\n","protected":false},"featured_media":13688,"comment_status":"closed","ping_status":"closed","template":"","meta":[],"product_cat":[577,356],"product_tag":[],"class_list":{"0":"post-2860","1":"product","2":"type-product","3":"status-publish","4":"has-post-thumbnail","6":"product_cat-iluteenindaja-tarvikud","7":"product_cat-kuuneviilid","9":"first","10":"instock","11":"taxable","12":"shipping-taxable","13":"purchasable","14":"product-type-simple"},"_links":{"self":[{"href":"https:\/\/saxsim.ee\/swp\/wp-json\/wp\/v2\/product\/2860"}],"collection":[{"href":"https:\/\/saxsim.ee\/swp\/wp-json\/wp\/v2\/product"}],"about":[{"href":"https:\/\/saxsim.ee\/swp\/wp-json\/wp\/v2\/types\/product"}],"replies":[{"embeddable":true,"href":"https:\/\/saxsim.ee\/swp\/wp-json\/wp\/v2\/comments?post=2860"}],"wp:featuredmedia":[{"embeddable":true,"href":"https:\/\/saxsim.ee\/swp\/wp-json\/wp\/v2\/media\/13688"}],"wp:attachment":[{"href":"https:\/\/saxsim.ee\/swp\/wp-json\/wp\/v2\/media?parent=2860"}],"wp:term":[{"taxonomy":"product_cat","embeddable":true,"href":"https:\/\/saxsim.ee\/swp\/wp-json\/wp\/v2\/product_cat?post=2860"},{"taxonomy":"product_tag","embeddable":true,"href":"https:\/\/saxsim.ee\/swp\/wp-json\/wp\/v2\/product_tag?post=2860"}],"curies":[{"name":"wp","href":"https:\/\/api.w.org\/{rel}","templated":true}]}}