{"id":2858,"date":"2017-04-12T09:50:31","date_gmt":"2017-04-12T06:50:31","guid":{"rendered":"https:\/\/www.saxsim.ee\/swp\/?post_type=product&#038;p=2858"},"modified":"2024-09-29T13:40:44","modified_gmt":"2024-09-29T10:40:44","slug":"nail-files-zebra-kuuneviil-2","status":"publish","type":"product","link":"https:\/\/saxsim.ee\/swp\/product\/nail-files-zebra-kuuneviil-2\/","title":{"rendered":"Nail Files Zebra &#8211; k\u00fc\u00fcneviil"},"content":{"rendered":"<p>Kahepoolne, kumer k\u00fc\u00fcneviil.<\/p>\n<p>Karedus &#8211; 100\/180 ( grit )<\/p>\n<p>Pikkus &#8211; 17 cm.<\/p>\n<p>&nbsp;<\/p>\n","protected":false},"excerpt":{"rendered":"<p>Kahepoolne, kumer k\u00fc\u00fcneviil. Karedus &#8211; 100\/180 ( grit ) Pikkus &#8211; 17 cm. &nbsp;<\/p>\n","protected":false},"featured_media":2854,"comment_status":"closed","ping_status":"closed","template":"","meta":[],"product_cat":[577,356],"product_tag":[],"class_list":{"0":"post-2858","1":"product","2":"type-product","3":"status-publish","4":"has-post-thumbnail","6":"product_cat-iluteenindaja-tarvikud","7":"product_cat-kuuneviilid","9":"first","10":"instock","11":"taxable","12":"shipping-taxable","13":"purchasable","14":"product-type-simple"},"_links":{"self":[{"href":"https:\/\/saxsim.ee\/swp\/wp-json\/wp\/v2\/product\/2858"}],"collection":[{"href":"https:\/\/saxsim.ee\/swp\/wp-json\/wp\/v2\/product"}],"about":[{"href":"https:\/\/saxsim.ee\/swp\/wp-json\/wp\/v2\/types\/product"}],"replies":[{"embeddable":true,"href":"https:\/\/saxsim.ee\/swp\/wp-json\/wp\/v2\/comments?post=2858"}],"wp:featuredmedia":[{"embeddable":true,"href":"https:\/\/saxsim.ee\/swp\/wp-json\/wp\/v2\/media\/2854"}],"wp:attachment":[{"href":"https:\/\/saxsim.ee\/swp\/wp-json\/wp\/v2\/media?parent=2858"}],"wp:term":[{"taxonomy":"product_cat","embeddable":true,"href":"https:\/\/saxsim.ee\/swp\/wp-json\/wp\/v2\/product_cat?post=2858"},{"taxonomy":"product_tag","embeddable":true,"href":"https:\/\/saxsim.ee\/swp\/wp-json\/wp\/v2\/product_tag?post=2858"}],"curies":[{"name":"wp","href":"https:\/\/api.w.org\/{rel}","templated":true}]}}