{"id":2805,"date":"2017-04-10T23:18:10","date_gmt":"2017-04-10T20:18:10","guid":{"rendered":"https:\/\/www.saxsim.ee\/swp\/?post_type=product&#038;p=2805"},"modified":"2018-09-14T09:36:16","modified_gmt":"2018-09-14T06:36:16","slug":"high-light-stick-up-20-cm-salgutamise-kile","status":"publish","type":"product","link":"https:\/\/saxsim.ee\/swp\/product\/high-light-stick-up-20-cm-salgutamise-kile\/","title":{"rendered":"High Light Stick Up 20 cm. &#8211; salgutamise kile"},"content":{"rendered":"<p>Isekleepuv salgutamise kile. Salgukile \u00fcks \u00e4\u00e4r on tugevdatud, mis teeb tema asetamise \u00f5igele kohale h\u00f5lpsaks. L\u00e4bi l\u00e4bipaistva kile on lihtne j\u00e4lgida keemilisi protsesse, mis h\u00f5lbustab ja kiirendab t\u00f6\u00f6 k\u00e4iku. Peale kasutamist loputa salgukilesid sooja veega, siis saad neid kasutada korduvalt.<\/p>\n<p>M\u00f5\u00f5dud &#8211; 20*9 cm.<\/p>\n<p>Pakis &#8211; 200 tk.<\/p>\n<p>&nbsp;<\/p>\n<p>&nbsp;<\/p>\n","protected":false},"excerpt":{"rendered":"<p>Isekleepuv salgutamise kile. Salgukile \u00fcks \u00e4\u00e4r on tugevdatud, mis teeb tema asetamise \u00f5igele kohale h\u00f5lpsaks. L\u00e4bi l\u00e4bipaistva kile on lihtne j\u00e4lgida keemilisi protsesse, mis h\u00f5lbustab ja kiirendab t\u00f6\u00f6 k\u00e4iku. Peale kasutamist loputa salgukilesid sooja veega, siis saad neid kasutada korduvalt. M\u00f5\u00f5dud &#8211; 20*9 cm. Pakis &#8211; 200 tk. &nbsp; &nbsp;<\/p>\n","protected":false},"featured_media":2808,"comment_status":"closed","ping_status":"closed","template":"","meta":[],"product_cat":[401,291,347,176],"product_tag":[],"class_list":{"0":"post-2805","1":"product","2":"type-product","3":"status-publish","4":"has-post-thumbnail","6":"product_cat-juuksuri-tarvikud","7":"product_cat-uhekordsed-tooted","8":"product_cat-salgupaber-ja-kile","9":"product_cat-varvitarvikud","11":"first","12":"instock","13":"taxable","14":"shipping-taxable","15":"purchasable","16":"product-type-simple"},"_links":{"self":[{"href":"https:\/\/saxsim.ee\/swp\/wp-json\/wp\/v2\/product\/2805"}],"collection":[{"href":"https:\/\/saxsim.ee\/swp\/wp-json\/wp\/v2\/product"}],"about":[{"href":"https:\/\/saxsim.ee\/swp\/wp-json\/wp\/v2\/types\/product"}],"replies":[{"embeddable":true,"href":"https:\/\/saxsim.ee\/swp\/wp-json\/wp\/v2\/comments?post=2805"}],"wp:featuredmedia":[{"embeddable":true,"href":"https:\/\/saxsim.ee\/swp\/wp-json\/wp\/v2\/media\/2808"}],"wp:attachment":[{"href":"https:\/\/saxsim.ee\/swp\/wp-json\/wp\/v2\/media?parent=2805"}],"wp:term":[{"taxonomy":"product_cat","embeddable":true,"href":"https:\/\/saxsim.ee\/swp\/wp-json\/wp\/v2\/product_cat?post=2805"},{"taxonomy":"product_tag","embeddable":true,"href":"https:\/\/saxsim.ee\/swp\/wp-json\/wp\/v2\/product_tag?post=2805"}],"curies":[{"name":"wp","href":"https:\/\/api.w.org\/{rel}","templated":true}]}}