{"id":2803,"date":"2017-04-10T23:06:42","date_gmt":"2017-04-10T20:06:42","guid":{"rendered":"https:\/\/www.saxsim.ee\/swp\/?post_type=product&#038;p=2803"},"modified":"2024-08-04T10:57:42","modified_gmt":"2024-08-04T07:57:42","slug":"high-light-wraps-40-cm-salgutamise-paber","status":"publish","type":"product","link":"https:\/\/saxsim.ee\/swp\/product\/high-light-wraps-40-cm-salgutamise-paber\/","title":{"rendered":"High Light Wraps 40 cm. &#8211; salgutamise paber"},"content":{"rendered":"<p>Isekuumenevad pol\u00fcet\u00fcleenkilest salgupaberid.<\/p>\n<p>M\u00f5\u00f5dud &#8211; 40*10 cm.<\/p>\n<p>Pakis &#8211; 250 tk.<\/p>\n","protected":false},"excerpt":{"rendered":"<p>Isekuumenevad pol\u00fcet\u00fcleenkilest salgupaberid. M\u00f5\u00f5dud &#8211; 40*10 cm. Pakis &#8211; 250 tk.<\/p>\n","protected":false},"featured_media":12614,"comment_status":"closed","ping_status":"closed","template":"","meta":[],"product_cat":[401,291,347,176],"product_tag":[],"class_list":{"0":"post-2803","1":"product","2":"type-product","3":"status-publish","4":"has-post-thumbnail","6":"product_cat-juuksuri-tarvikud","7":"product_cat-uhekordsed-tooted","8":"product_cat-salgupaber-ja-kile","9":"product_cat-varvitarvikud","11":"first","12":"instock","13":"taxable","14":"shipping-taxable","15":"purchasable","16":"product-type-simple"},"_links":{"self":[{"href":"https:\/\/saxsim.ee\/swp\/wp-json\/wp\/v2\/product\/2803"}],"collection":[{"href":"https:\/\/saxsim.ee\/swp\/wp-json\/wp\/v2\/product"}],"about":[{"href":"https:\/\/saxsim.ee\/swp\/wp-json\/wp\/v2\/types\/product"}],"replies":[{"embeddable":true,"href":"https:\/\/saxsim.ee\/swp\/wp-json\/wp\/v2\/comments?post=2803"}],"wp:featuredmedia":[{"embeddable":true,"href":"https:\/\/saxsim.ee\/swp\/wp-json\/wp\/v2\/media\/12614"}],"wp:attachment":[{"href":"https:\/\/saxsim.ee\/swp\/wp-json\/wp\/v2\/media?parent=2803"}],"wp:term":[{"taxonomy":"product_cat","embeddable":true,"href":"https:\/\/saxsim.ee\/swp\/wp-json\/wp\/v2\/product_cat?post=2803"},{"taxonomy":"product_tag","embeddable":true,"href":"https:\/\/saxsim.ee\/swp\/wp-json\/wp\/v2\/product_tag?post=2803"}],"curies":[{"name":"wp","href":"https:\/\/api.w.org\/{rel}","templated":true}]}}