{"id":2801,"date":"2017-04-10T23:06:10","date_gmt":"2017-04-10T20:06:10","guid":{"rendered":"https:\/\/www.saxsim.ee\/swp\/?post_type=product&#038;p=2801"},"modified":"2025-07-24T10:18:34","modified_gmt":"2025-07-24T07:18:34","slug":"high-light-foam-30-cm-salgutamise-paber","status":"publish","type":"product","link":"https:\/\/saxsim.ee\/swp\/product\/high-light-foam-30-cm-salgutamise-paber\/","title":{"rendered":"High Light Foam 30 cm. &#8211; salgutamise paber"},"content":{"rendered":"<p>Isekuumenevad\u00a0pol\u00fcst\u00fcroolist salgupaberid.<\/p>\n<p>M\u00f5\u00f5dud &#8211;\u00a030*9,5 cm.<\/p>\n<p>Pakis &#8211; 200 tk.<\/p>\n<p>V\u00e4rv &#8211; 4 erinevt tooni \u00fches pakis<\/p>\n","protected":false},"excerpt":{"rendered":"<p>Isekuumenevad\u00a0pol\u00fcst\u00fcroolist salgupaberid. M\u00f5\u00f5dud &#8211;\u00a030*9,5 cm. Pakis &#8211; 200 tk. V\u00e4rv &#8211; 4 erinevt tooni \u00fches pakis<\/p>\n","protected":false},"featured_media":5790,"comment_status":"closed","ping_status":"closed","template":"","meta":[],"product_cat":[401,291,347,176],"product_tag":[],"class_list":{"0":"post-2801","1":"product","2":"type-product","3":"status-publish","4":"has-post-thumbnail","6":"product_cat-juuksuri-tarvikud","7":"product_cat-uhekordsed-tooted","8":"product_cat-salgupaber-ja-kile","9":"product_cat-varvitarvikud","11":"first","12":"instock","13":"taxable","14":"shipping-taxable","15":"purchasable","16":"product-type-simple"},"_links":{"self":[{"href":"https:\/\/saxsim.ee\/swp\/wp-json\/wp\/v2\/product\/2801"}],"collection":[{"href":"https:\/\/saxsim.ee\/swp\/wp-json\/wp\/v2\/product"}],"about":[{"href":"https:\/\/saxsim.ee\/swp\/wp-json\/wp\/v2\/types\/product"}],"replies":[{"embeddable":true,"href":"https:\/\/saxsim.ee\/swp\/wp-json\/wp\/v2\/comments?post=2801"}],"wp:featuredmedia":[{"embeddable":true,"href":"https:\/\/saxsim.ee\/swp\/wp-json\/wp\/v2\/media\/5790"}],"wp:attachment":[{"href":"https:\/\/saxsim.ee\/swp\/wp-json\/wp\/v2\/media?parent=2801"}],"wp:term":[{"taxonomy":"product_cat","embeddable":true,"href":"https:\/\/saxsim.ee\/swp\/wp-json\/wp\/v2\/product_cat?post=2801"},{"taxonomy":"product_tag","embeddable":true,"href":"https:\/\/saxsim.ee\/swp\/wp-json\/wp\/v2\/product_tag?post=2801"}],"curies":[{"name":"wp","href":"https:\/\/api.w.org\/{rel}","templated":true}]}}