{"id":2792,"date":"2017-04-10T21:57:28","date_gmt":"2017-04-10T18:57:28","guid":{"rendered":"https:\/\/www.saxsim.ee\/swp\/?post_type=product&#038;p=2792"},"modified":"2017-06-01T13:35:04","modified_gmt":"2017-06-01T10:35:04","slug":"elastic-bands-mustad-juuksekummid","status":"publish","type":"product","link":"https:\/\/saxsim.ee\/swp\/product\/elastic-bands-mustad-juuksekummid\/","title":{"rendered":"Elastic Bands &#8211; mustad juuksekummid"},"content":{"rendered":"<p>Mustad, pisikesed\u00a0juuksekummid.<\/p>\n<p>L\u00e4bim\u00f5\u00f5t &#8211; 15 mm.<\/p>\n<p>Pakis &#8211; 500 tk.<\/p>\n<p>&nbsp;<\/p>\n<p>&nbsp;<\/p>\n<p>&nbsp;<\/p>\n","protected":false},"excerpt":{"rendered":"<p>Mustad, pisikesed\u00a0juuksekummid. L\u00e4bim\u00f5\u00f5t &#8211; 15 mm. Pakis &#8211; 500 tk. &nbsp; &nbsp; &nbsp;<\/p>\n","protected":false},"featured_media":2789,"comment_status":"closed","ping_status":"closed","template":"","meta":[],"product_cat":[401,302,175],"product_tag":[],"class_list":{"0":"post-2792","1":"product","2":"type-product","3":"status-publish","4":"has-post-thumbnail","6":"product_cat-juuksuri-tarvikud","7":"product_cat-juuksekummid","8":"product_cat-soenguvahendid","10":"first","11":"instock","12":"taxable","13":"shipping-taxable","14":"purchasable","15":"product-type-simple"},"_links":{"self":[{"href":"https:\/\/saxsim.ee\/swp\/wp-json\/wp\/v2\/product\/2792"}],"collection":[{"href":"https:\/\/saxsim.ee\/swp\/wp-json\/wp\/v2\/product"}],"about":[{"href":"https:\/\/saxsim.ee\/swp\/wp-json\/wp\/v2\/types\/product"}],"replies":[{"embeddable":true,"href":"https:\/\/saxsim.ee\/swp\/wp-json\/wp\/v2\/comments?post=2792"}],"wp:featuredmedia":[{"embeddable":true,"href":"https:\/\/saxsim.ee\/swp\/wp-json\/wp\/v2\/media\/2789"}],"wp:attachment":[{"href":"https:\/\/saxsim.ee\/swp\/wp-json\/wp\/v2\/media?parent=2792"}],"wp:term":[{"taxonomy":"product_cat","embeddable":true,"href":"https:\/\/saxsim.ee\/swp\/wp-json\/wp\/v2\/product_cat?post=2792"},{"taxonomy":"product_tag","embeddable":true,"href":"https:\/\/saxsim.ee\/swp\/wp-json\/wp\/v2\/product_tag?post=2792"}],"curies":[{"name":"wp","href":"https:\/\/api.w.org\/{rel}","templated":true}]}}