{"id":2784,"date":"2017-04-10T21:38:27","date_gmt":"2017-04-10T18:38:27","guid":{"rendered":"https:\/\/www.saxsim.ee\/swp\/?post_type=product&#038;p=2784"},"modified":"2025-09-17T16:23:09","modified_gmt":"2025-09-17T13:23:09","slug":"elastic-bands-juuksekummid-6","status":"publish","type":"product","link":"https:\/\/saxsim.ee\/swp\/product\/elastic-bands-juuksekummid-6\/","title":{"rendered":"Elastic Bands &#8211; juuksekummid"},"content":{"rendered":"<p>Mustad peenikesed\u00a0juuksekummid.<\/p>\n<p>L\u00e4bim\u00f5\u00f5t &#8211; 45 mm.<\/p>\n<p>Pakis &#8211; 10 tk.<\/p>\n<p>&nbsp;<\/p>\n<p>&nbsp;<\/p>\n<p>&nbsp;<\/p>\n","protected":false},"excerpt":{"rendered":"<p>Mustad peenikesed\u00a0juuksekummid. L\u00e4bim\u00f5\u00f5t &#8211; 45 mm. Pakis &#8211; 10 tk. &nbsp; &nbsp; &nbsp;<\/p>\n","protected":false},"featured_media":2781,"comment_status":"closed","ping_status":"closed","template":"","meta":[],"product_cat":[401,302,175],"product_tag":[],"class_list":{"0":"post-2784","1":"product","2":"type-product","3":"status-publish","4":"has-post-thumbnail","6":"product_cat-juuksuri-tarvikud","7":"product_cat-juuksekummid","8":"product_cat-soenguvahendid","10":"first","11":"instock","12":"taxable","13":"shipping-taxable","14":"purchasable","15":"product-type-simple"},"_links":{"self":[{"href":"https:\/\/saxsim.ee\/swp\/wp-json\/wp\/v2\/product\/2784"}],"collection":[{"href":"https:\/\/saxsim.ee\/swp\/wp-json\/wp\/v2\/product"}],"about":[{"href":"https:\/\/saxsim.ee\/swp\/wp-json\/wp\/v2\/types\/product"}],"replies":[{"embeddable":true,"href":"https:\/\/saxsim.ee\/swp\/wp-json\/wp\/v2\/comments?post=2784"}],"wp:featuredmedia":[{"embeddable":true,"href":"https:\/\/saxsim.ee\/swp\/wp-json\/wp\/v2\/media\/2781"}],"wp:attachment":[{"href":"https:\/\/saxsim.ee\/swp\/wp-json\/wp\/v2\/media?parent=2784"}],"wp:term":[{"taxonomy":"product_cat","embeddable":true,"href":"https:\/\/saxsim.ee\/swp\/wp-json\/wp\/v2\/product_cat?post=2784"},{"taxonomy":"product_tag","embeddable":true,"href":"https:\/\/saxsim.ee\/swp\/wp-json\/wp\/v2\/product_tag?post=2784"}],"curies":[{"name":"wp","href":"https:\/\/api.w.org\/{rel}","templated":true}]}}