{"id":2742,"date":"2017-04-10T19:06:28","date_gmt":"2017-04-10T16:06:28","guid":{"rendered":"https:\/\/www.saxsim.ee\/swp\/?post_type=product&#038;p=2742"},"modified":"2025-08-12T08:39:44","modified_gmt":"2025-08-12T05:39:44","slug":"disposable-capes-vaikesed-kilelinad-2","status":"publish","type":"product","link":"https:\/\/saxsim.ee\/swp\/product\/disposable-capes-vaikesed-kilelinad-2\/","title":{"rendered":"Disposable Capes &#8211; v\u00e4ikesed kilelinad"},"content":{"rendered":"<p>\u00dchekordsed l\u00fchikesed kilelinad.<\/p>\n<p>Pakis &#8211; 100 tk.<\/p>\n","protected":false},"excerpt":{"rendered":"<p>\u00dchekordsed l\u00fchikesed kilelinad. Pakis &#8211; 100 tk.<\/p>\n","protected":false},"featured_media":2743,"comment_status":"closed","ping_status":"closed","template":"","meta":[],"product_cat":[577,583,401,296,291],"product_tag":[],"class_list":{"0":"post-2742","1":"product","2":"type-product","3":"status-publish","4":"has-post-thumbnail","6":"product_cat-iluteenindaja-tarvikud","7":"product_cat-uhekordsed-tooted-iluteenindaja-tarvikud","8":"product_cat-juuksuri-tarvikud","9":"product_cat-loikus-ja-varvilinad","10":"product_cat-uhekordsed-tooted","12":"first","13":"instock","14":"taxable","15":"shipping-taxable","16":"purchasable","17":"product-type-simple"},"_links":{"self":[{"href":"https:\/\/saxsim.ee\/swp\/wp-json\/wp\/v2\/product\/2742"}],"collection":[{"href":"https:\/\/saxsim.ee\/swp\/wp-json\/wp\/v2\/product"}],"about":[{"href":"https:\/\/saxsim.ee\/swp\/wp-json\/wp\/v2\/types\/product"}],"replies":[{"embeddable":true,"href":"https:\/\/saxsim.ee\/swp\/wp-json\/wp\/v2\/comments?post=2742"}],"wp:featuredmedia":[{"embeddable":true,"href":"https:\/\/saxsim.ee\/swp\/wp-json\/wp\/v2\/media\/2743"}],"wp:attachment":[{"href":"https:\/\/saxsim.ee\/swp\/wp-json\/wp\/v2\/media?parent=2742"}],"wp:term":[{"taxonomy":"product_cat","embeddable":true,"href":"https:\/\/saxsim.ee\/swp\/wp-json\/wp\/v2\/product_cat?post=2742"},{"taxonomy":"product_tag","embeddable":true,"href":"https:\/\/saxsim.ee\/swp\/wp-json\/wp\/v2\/product_tag?post=2742"}],"curies":[{"name":"wp","href":"https:\/\/api.w.org\/{rel}","templated":true}]}}