{"id":2738,"date":"2017-04-10T18:54:19","date_gmt":"2017-04-10T15:54:19","guid":{"rendered":"https:\/\/www.saxsim.ee\/swp\/?post_type=product&#038;p=2738"},"modified":"2025-02-25T09:00:59","modified_gmt":"2025-02-25T07:00:59","slug":"tinting-cape-history-varvilina","status":"publish","type":"product","link":"https:\/\/saxsim.ee\/swp\/product\/tinting-cape-history-varvilina\/","title":{"rendered":"Tinting Cape, History &#8211; v\u00e4rvilina"},"content":{"rendered":"<p>Suurus &#8211; 113*125 cm.<\/p>\n<p>Kinnitus &#8211;\u00a0haakidega, elastne kaelus<\/p>\n<p>Kaeluse max. \u00fcmberm\u00f5\u00f5t \u2013 54 cm.<\/p>\n<p>Materjal \u2013 veekindel, 100% pol\u00fcester<\/p>\n<p>K\u00e4eavadega<\/p>\n<p><strong>Hooldus:<\/strong><\/p>\n<p>masinpesu madalal temperatuuril<\/p>\n<p>kuivatada soovitavalt n\u00f6\u00f6ril. Trummelkuivatus ainult madalatel p\u00f6\u00f6retel!<\/p>\n<p>pesemisel \u00e4rge kunagi kasutage vedelaid valgendusvahendeid!<\/p>\n<p>&nbsp;<\/p>\n","protected":false},"excerpt":{"rendered":"<p>Suurus &#8211; 113*125 cm. Kinnitus &#8211;\u00a0haakidega, elastne kaelus Kaeluse max. \u00fcmberm\u00f5\u00f5t \u2013 54 cm. Materjal \u2013 veekindel, 100% pol\u00fcester K\u00e4eavadega Hooldus: masinpesu madalal temperatuuril kuivatada soovitavalt n\u00f6\u00f6ril. Trummelkuivatus ainult madalatel p\u00f6\u00f6retel! pesemisel \u00e4rge kunagi kasutage vedelaid valgendusvahendeid! &nbsp;<\/p>\n","protected":false},"featured_media":2739,"comment_status":"closed","ping_status":"closed","template":"","meta":[],"product_cat":[401,296],"product_tag":[],"class_list":{"0":"post-2738","1":"product","2":"type-product","3":"status-publish","4":"has-post-thumbnail","6":"product_cat-juuksuri-tarvikud","7":"product_cat-loikus-ja-varvilinad","9":"first","10":"instock","11":"taxable","12":"shipping-taxable","13":"purchasable","14":"product-type-simple"},"_links":{"self":[{"href":"https:\/\/saxsim.ee\/swp\/wp-json\/wp\/v2\/product\/2738"}],"collection":[{"href":"https:\/\/saxsim.ee\/swp\/wp-json\/wp\/v2\/product"}],"about":[{"href":"https:\/\/saxsim.ee\/swp\/wp-json\/wp\/v2\/types\/product"}],"replies":[{"embeddable":true,"href":"https:\/\/saxsim.ee\/swp\/wp-json\/wp\/v2\/comments?post=2738"}],"wp:featuredmedia":[{"embeddable":true,"href":"https:\/\/saxsim.ee\/swp\/wp-json\/wp\/v2\/media\/2739"}],"wp:attachment":[{"href":"https:\/\/saxsim.ee\/swp\/wp-json\/wp\/v2\/media?parent=2738"}],"wp:term":[{"taxonomy":"product_cat","embeddable":true,"href":"https:\/\/saxsim.ee\/swp\/wp-json\/wp\/v2\/product_cat?post=2738"},{"taxonomy":"product_tag","embeddable":true,"href":"https:\/\/saxsim.ee\/swp\/wp-json\/wp\/v2\/product_tag?post=2738"}],"curies":[{"name":"wp","href":"https:\/\/api.w.org\/{rel}","templated":true}]}}