{"id":2712,"date":"2017-04-09T22:03:35","date_gmt":"2017-04-09T19:03:35","guid":{"rendered":"https:\/\/www.saxsim.ee\/swp\/?post_type=product&#038;p=2712"},"modified":"2019-09-17T21:43:58","modified_gmt":"2019-09-17T18:43:58","slug":"comb-in-silikoonkindad","status":"publish","type":"product","link":"https:\/\/saxsim.ee\/swp\/product\/comb-in-silikoonkindad\/","title":{"rendered":"Comb In &#8211; silikoonkindad"},"content":{"rendered":"<p>Spetsiaalsed, pisikeste silikoonist harjastega kindad juuste silumiseks ja v\u00e4rvimiseks. Nendega on lihtne kanda hooldusaineid v\u00f5i v\u00e4rvi juustesse ja juusteotstesse. Sobivad emulgeerimiseks, pesemiseks, massaa\u017eiks&#8230;. Nii palju tegevusi saab teha lihtsamalt ja nii palju aega kokku hoida. Comb In kindad kaitsevad k\u00e4si\u00a0keemiliste ainete kahjulike m\u00f5jude eest.<\/p>\n","protected":false},"excerpt":{"rendered":"<p>Spetsiaalsed, pisikeste silikoonist harjastega kindad juuste silumiseks ja v\u00e4rvimiseks. Nendega on lihtne kanda hooldusaineid v\u00f5i v\u00e4rvi juustesse ja juusteotstesse. Sobivad emulgeerimiseks, pesemiseks, massaa\u017eiks&#8230;. Nii palju tegevusi saab teha lihtsamalt ja nii palju aega kokku hoida. Comb In kindad kaitsevad k\u00e4si\u00a0keemiliste ainete kahjulike m\u00f5jude eest.<\/p>\n","protected":false},"featured_media":2715,"comment_status":"closed","ping_status":"closed","template":"","meta":[],"product_cat":[401,293],"product_tag":[],"class_list":{"0":"post-2712","1":"product","2":"type-product","3":"status-publish","4":"has-post-thumbnail","6":"product_cat-juuksuri-tarvikud","7":"product_cat-kindad","9":"first","10":"instock","11":"taxable","12":"shipping-taxable","13":"purchasable","14":"product-type-simple"},"_links":{"self":[{"href":"https:\/\/saxsim.ee\/swp\/wp-json\/wp\/v2\/product\/2712"}],"collection":[{"href":"https:\/\/saxsim.ee\/swp\/wp-json\/wp\/v2\/product"}],"about":[{"href":"https:\/\/saxsim.ee\/swp\/wp-json\/wp\/v2\/types\/product"}],"replies":[{"embeddable":true,"href":"https:\/\/saxsim.ee\/swp\/wp-json\/wp\/v2\/comments?post=2712"}],"wp:featuredmedia":[{"embeddable":true,"href":"https:\/\/saxsim.ee\/swp\/wp-json\/wp\/v2\/media\/2715"}],"wp:attachment":[{"href":"https:\/\/saxsim.ee\/swp\/wp-json\/wp\/v2\/media?parent=2712"}],"wp:term":[{"taxonomy":"product_cat","embeddable":true,"href":"https:\/\/saxsim.ee\/swp\/wp-json\/wp\/v2\/product_cat?post=2712"},{"taxonomy":"product_tag","embeddable":true,"href":"https:\/\/saxsim.ee\/swp\/wp-json\/wp\/v2\/product_tag?post=2712"}],"curies":[{"name":"wp","href":"https:\/\/api.w.org\/{rel}","templated":true}]}}