{"id":2681,"date":"2017-04-09T20:37:39","date_gmt":"2017-04-09T17:37:39","guid":{"rendered":"https:\/\/www.saxsim.ee\/swp\/?post_type=product&#038;p=2681"},"modified":"2017-06-02T21:17:59","modified_gmt":"2017-06-02T18:17:59","slug":"drying-cap-balloon-kuivatamismuts","status":"publish","type":"product","link":"https:\/\/saxsim.ee\/swp\/product\/drying-cap-balloon-kuivatamismuts\/","title":{"rendered":"Drying Cap, Balloon &#8211; kuivatamism\u00fcts"},"content":{"rendered":"<p>Kuivatamism\u00fcts, armeeritud\u00a0voodriga, sobib kasutamiseks k\u00f5ikide k\u00e4sif\u00f6\u00f6nidega.<\/p>\n<p>&nbsp;<\/p>\n<p>&nbsp;<\/p>\n","protected":false},"excerpt":{"rendered":"<p>Kuivatamism\u00fcts, armeeritud\u00a0voodriga, sobib kasutamiseks k\u00f5ikide k\u00e4sif\u00f6\u00f6nidega. &nbsp; &nbsp;<\/p>\n","protected":false},"featured_media":2682,"comment_status":"closed","ping_status":"closed","template":"","meta":[],"product_cat":[401,175],"product_tag":[],"class_list":{"0":"post-2681","1":"product","2":"type-product","3":"status-publish","4":"has-post-thumbnail","6":"product_cat-juuksuri-tarvikud","7":"product_cat-soenguvahendid","9":"first","10":"instock","11":"taxable","12":"shipping-taxable","13":"purchasable","14":"product-type-simple"},"_links":{"self":[{"href":"https:\/\/saxsim.ee\/swp\/wp-json\/wp\/v2\/product\/2681"}],"collection":[{"href":"https:\/\/saxsim.ee\/swp\/wp-json\/wp\/v2\/product"}],"about":[{"href":"https:\/\/saxsim.ee\/swp\/wp-json\/wp\/v2\/types\/product"}],"replies":[{"embeddable":true,"href":"https:\/\/saxsim.ee\/swp\/wp-json\/wp\/v2\/comments?post=2681"}],"wp:featuredmedia":[{"embeddable":true,"href":"https:\/\/saxsim.ee\/swp\/wp-json\/wp\/v2\/media\/2682"}],"wp:attachment":[{"href":"https:\/\/saxsim.ee\/swp\/wp-json\/wp\/v2\/media?parent=2681"}],"wp:term":[{"taxonomy":"product_cat","embeddable":true,"href":"https:\/\/saxsim.ee\/swp\/wp-json\/wp\/v2\/product_cat?post=2681"},{"taxonomy":"product_tag","embeddable":true,"href":"https:\/\/saxsim.ee\/swp\/wp-json\/wp\/v2\/product_tag?post=2681"}],"curies":[{"name":"wp","href":"https:\/\/api.w.org\/{rel}","templated":true}]}}