{"id":2679,"date":"2017-04-09T20:30:24","date_gmt":"2017-04-09T17:30:24","guid":{"rendered":"https:\/\/www.saxsim.ee\/swp\/?post_type=product&#038;p=2679"},"modified":"2026-04-11T10:35:20","modified_gmt":"2026-04-11T07:35:20","slug":"highlighting-cap-lilibrown-salgumuts","status":"publish","type":"product","link":"https:\/\/saxsim.ee\/swp\/product\/highlighting-cap-lilibrown-salgumuts\/","title":{"rendered":"Highlighting Cap, Lilibrown &#8211; salgum\u00fcts"},"content":{"rendered":"<p>Pruuni v\u00e4rvi, kummist salgum\u00fcts.<\/p>\n","protected":false},"excerpt":{"rendered":"<p>Pruuni v\u00e4rvi, kummist salgum\u00fcts.<\/p>\n","protected":false},"featured_media":2677,"comment_status":"closed","ping_status":"closed","template":"","meta":[],"product_cat":[401,290,176],"product_tag":[],"class_list":{"0":"post-2679","1":"product","2":"type-product","3":"status-publish","4":"has-post-thumbnail","6":"product_cat-juuksuri-tarvikud","7":"product_cat-salgumutsid","8":"product_cat-varvitarvikud","10":"first","11":"instock","12":"taxable","13":"shipping-taxable","14":"purchasable","15":"product-type-simple"},"_links":{"self":[{"href":"https:\/\/saxsim.ee\/swp\/wp-json\/wp\/v2\/product\/2679"}],"collection":[{"href":"https:\/\/saxsim.ee\/swp\/wp-json\/wp\/v2\/product"}],"about":[{"href":"https:\/\/saxsim.ee\/swp\/wp-json\/wp\/v2\/types\/product"}],"replies":[{"embeddable":true,"href":"https:\/\/saxsim.ee\/swp\/wp-json\/wp\/v2\/comments?post=2679"}],"wp:featuredmedia":[{"embeddable":true,"href":"https:\/\/saxsim.ee\/swp\/wp-json\/wp\/v2\/media\/2677"}],"wp:attachment":[{"href":"https:\/\/saxsim.ee\/swp\/wp-json\/wp\/v2\/media?parent=2679"}],"wp:term":[{"taxonomy":"product_cat","embeddable":true,"href":"https:\/\/saxsim.ee\/swp\/wp-json\/wp\/v2\/product_cat?post=2679"},{"taxonomy":"product_tag","embeddable":true,"href":"https:\/\/saxsim.ee\/swp\/wp-json\/wp\/v2\/product_tag?post=2679"}],"curies":[{"name":"wp","href":"https:\/\/api.w.org\/{rel}","templated":true}]}}