{"id":2621,"date":"2017-04-08T14:17:14","date_gmt":"2017-04-08T11:17:14","guid":{"rendered":"https:\/\/www.saxsim.ee\/swp\/?post_type=product&#038;p=2621"},"modified":"2024-02-28T10:20:26","modified_gmt":"2024-02-28T08:20:26","slug":"carbon-comb-cww-205-kamm","status":"publish","type":"product","link":"https:\/\/saxsim.ee\/swp\/product\/carbon-comb-cww-205-kamm\/","title":{"rendered":"Carbon Comb CWW 20,5 &#8211; kamm"},"content":{"rendered":"<div class=\"intro\">\n<p>S\u00fcsinikkiust, antistaatiline, sulgkerge, peaaegu purunematu, kuumakindel kamm. Kamm libiseb kergelt l\u00e4bi juuste, t\u00e4nu kammipiide t\u00e4psele ja hoolikale viimistlusele. Komplektis 2 juukseklambrit.<\/p>\n<p>Pikkus &#8211; 20,5 cm.<\/p>\n<\/div>\n","protected":false},"excerpt":{"rendered":"<p>S\u00fcsinikkiust, antistaatiline, sulgkerge, peaaegu purunematu, kuumakindel kamm. Kamm libiseb kergelt l\u00e4bi juuste, t\u00e4nu kammipiide t\u00e4psele ja hoolikale viimistlusele. Komplektis 2 juukseklambrit. Pikkus &#8211; 20,5 cm.<\/p>\n","protected":false},"featured_media":2610,"comment_status":"closed","ping_status":"closed","template":"","meta":[],"product_cat":[401,173,339],"product_tag":[],"class_list":{"0":"post-2621","1":"product","2":"type-product","3":"status-publish","4":"has-post-thumbnail","6":"product_cat-juuksuri-tarvikud","7":"product_cat-kammid","8":"product_cat-susinik-kammid","10":"first","11":"instock","12":"taxable","13":"shipping-taxable","14":"purchasable","15":"product-type-simple"},"_links":{"self":[{"href":"https:\/\/saxsim.ee\/swp\/wp-json\/wp\/v2\/product\/2621"}],"collection":[{"href":"https:\/\/saxsim.ee\/swp\/wp-json\/wp\/v2\/product"}],"about":[{"href":"https:\/\/saxsim.ee\/swp\/wp-json\/wp\/v2\/types\/product"}],"replies":[{"embeddable":true,"href":"https:\/\/saxsim.ee\/swp\/wp-json\/wp\/v2\/comments?post=2621"}],"wp:featuredmedia":[{"embeddable":true,"href":"https:\/\/saxsim.ee\/swp\/wp-json\/wp\/v2\/media\/2610"}],"wp:attachment":[{"href":"https:\/\/saxsim.ee\/swp\/wp-json\/wp\/v2\/media?parent=2621"}],"wp:term":[{"taxonomy":"product_cat","embeddable":true,"href":"https:\/\/saxsim.ee\/swp\/wp-json\/wp\/v2\/product_cat?post=2621"},{"taxonomy":"product_tag","embeddable":true,"href":"https:\/\/saxsim.ee\/swp\/wp-json\/wp\/v2\/product_tag?post=2621"}],"curies":[{"name":"wp","href":"https:\/\/api.w.org\/{rel}","templated":true}]}}