{"id":2620,"date":"2017-04-08T14:14:58","date_gmt":"2017-04-08T11:14:58","guid":{"rendered":"https:\/\/www.saxsim.ee\/swp\/?post_type=product&#038;p=2620"},"modified":"2024-02-28T10:16:56","modified_gmt":"2024-02-28T08:16:56","slug":"carbon-comb-cc-203-kamm","status":"publish","type":"product","link":"https:\/\/saxsim.ee\/swp\/product\/carbon-comb-cc-203-kamm\/","title":{"rendered":"Carbon Comb CC 20,3 &#8211; kamm"},"content":{"rendered":"<div class=\"intro\">\n<p>S\u00fcsinikkiust, antistaatiline, sulgkerge, peaaegu purunematu, kuumakindel kamm. Kamm libiseb kergelt l\u00e4bi juuste, t\u00e4nu kammipiide t\u00e4psele ja hoolikale viimistlusele. Komplektis 2 juukseklambrit.<\/p>\n<p>Pikkus &#8211; 20,3 cm.<\/p>\n<\/div>\n","protected":false},"excerpt":{"rendered":"<p>S\u00fcsinikkiust, antistaatiline, sulgkerge, peaaegu purunematu, kuumakindel kamm. Kamm libiseb kergelt l\u00e4bi juuste, t\u00e4nu kammipiide t\u00e4psele ja hoolikale viimistlusele. Komplektis 2 juukseklambrit. Pikkus &#8211; 20,3 cm.<\/p>\n","protected":false},"featured_media":2616,"comment_status":"closed","ping_status":"closed","template":"","meta":[],"product_cat":[401,173,339],"product_tag":[],"class_list":{"0":"post-2620","1":"product","2":"type-product","3":"status-publish","4":"has-post-thumbnail","6":"product_cat-juuksuri-tarvikud","7":"product_cat-kammid","8":"product_cat-susinik-kammid","10":"first","11":"instock","12":"taxable","13":"shipping-taxable","14":"purchasable","15":"product-type-simple"},"_links":{"self":[{"href":"https:\/\/saxsim.ee\/swp\/wp-json\/wp\/v2\/product\/2620"}],"collection":[{"href":"https:\/\/saxsim.ee\/swp\/wp-json\/wp\/v2\/product"}],"about":[{"href":"https:\/\/saxsim.ee\/swp\/wp-json\/wp\/v2\/types\/product"}],"replies":[{"embeddable":true,"href":"https:\/\/saxsim.ee\/swp\/wp-json\/wp\/v2\/comments?post=2620"}],"wp:featuredmedia":[{"embeddable":true,"href":"https:\/\/saxsim.ee\/swp\/wp-json\/wp\/v2\/media\/2616"}],"wp:attachment":[{"href":"https:\/\/saxsim.ee\/swp\/wp-json\/wp\/v2\/media?parent=2620"}],"wp:term":[{"taxonomy":"product_cat","embeddable":true,"href":"https:\/\/saxsim.ee\/swp\/wp-json\/wp\/v2\/product_cat?post=2620"},{"taxonomy":"product_tag","embeddable":true,"href":"https:\/\/saxsim.ee\/swp\/wp-json\/wp\/v2\/product_tag?post=2620"}],"curies":[{"name":"wp","href":"https:\/\/api.w.org\/{rel}","templated":true}]}}