{"id":2600,"date":"2017-04-08T13:14:23","date_gmt":"2017-04-08T10:14:23","guid":{"rendered":"https:\/\/www.saxsim.ee\/swp\/?post_type=product&#038;p=2600"},"modified":"2025-09-28T10:40:22","modified_gmt":"2025-09-28T07:40:22","slug":"teox-cordless-trimmer-trimmer","status":"publish","type":"product","link":"https:\/\/saxsim.ee\/swp\/product\/teox-cordless-trimmer-trimmer\/","title":{"rendered":"Teox Cordless Trimmer &#8211; trimmer"},"content":{"rendered":"<p>Kerge,\u00a0juhtmega\/juhtmeta, trimmer.<\/p>\n<p><strong>Tehnilised andmed:<\/strong><\/p>\n<p>akutoitel t\u00f6\u00f6tab &#8211; 45 min.<br \/>\nl\u00f5iketera k\u00f5rgus &#8211; 0,2 mm.<br \/>\nkaal &#8211; 120 g.<br \/>\njuhe &#8211; 3 m.<br \/>\nindikaatortuled\u00a0aku laetusastme kuvamiseks<\/p>\n<p><strong>Komplektis:<\/strong><\/p>\n<p>1 Teox roostevaba\u00a0tera ( laius &#8211; 32 mm. )<br \/>\n1 reguleeritav l\u00f5ikustald ( 3 &#8211; 7 mm. )<br \/>\nlaadimisalus koos juhtmega<br \/>\npuhastushari<br \/>\nmasina\u00f5li<\/p>\n","protected":false},"excerpt":{"rendered":"<p>Kerge,\u00a0juhtmega\/juhtmeta, trimmer. Tehnilised andmed: akutoitel t\u00f6\u00f6tab &#8211; 45 min. l\u00f5iketera k\u00f5rgus &#8211; 0,2 mm. kaal &#8211; 120 g. juhe &#8211; 3 m. indikaatortuled\u00a0aku laetusastme kuvamiseks Komplektis: 1 Teox roostevaba\u00a0tera ( laius &#8211; 32 mm. ) 1 reguleeritav l\u00f5ikustald ( 3 &#8211; 7 mm. ) laadimisalus koos juhtmega puhastushari masina\u00f5li<\/p>\n","protected":false},"featured_media":14880,"comment_status":"closed","ping_status":"closed","template":"","meta":[],"product_cat":[401,280,286],"product_tag":[],"class_list":{"0":"post-2600","1":"product","2":"type-product","3":"status-publish","4":"has-post-thumbnail","6":"product_cat-juuksuri-tarvikud","7":"product_cat-elektrilised-toovahendid","8":"product_cat-loikusmasinad-ja-trimmerid","10":"first","11":"instock","12":"taxable","13":"shipping-taxable","14":"purchasable","15":"product-type-simple"},"_links":{"self":[{"href":"https:\/\/saxsim.ee\/swp\/wp-json\/wp\/v2\/product\/2600"}],"collection":[{"href":"https:\/\/saxsim.ee\/swp\/wp-json\/wp\/v2\/product"}],"about":[{"href":"https:\/\/saxsim.ee\/swp\/wp-json\/wp\/v2\/types\/product"}],"replies":[{"embeddable":true,"href":"https:\/\/saxsim.ee\/swp\/wp-json\/wp\/v2\/comments?post=2600"}],"wp:featuredmedia":[{"embeddable":true,"href":"https:\/\/saxsim.ee\/swp\/wp-json\/wp\/v2\/media\/14880"}],"wp:attachment":[{"href":"https:\/\/saxsim.ee\/swp\/wp-json\/wp\/v2\/media?parent=2600"}],"wp:term":[{"taxonomy":"product_cat","embeddable":true,"href":"https:\/\/saxsim.ee\/swp\/wp-json\/wp\/v2\/product_cat?post=2600"},{"taxonomy":"product_tag","embeddable":true,"href":"https:\/\/saxsim.ee\/swp\/wp-json\/wp\/v2\/product_tag?post=2600"}],"curies":[{"name":"wp","href":"https:\/\/api.w.org\/{rel}","templated":true}]}}