{"id":2597,"date":"2017-04-08T11:06:46","date_gmt":"2017-04-08T08:06:46","guid":{"rendered":"https:\/\/www.saxsim.ee\/swp\/?post_type=product&#038;p=2597"},"modified":"2026-03-29T10:04:11","modified_gmt":"2026-03-29T07:04:11","slug":"ultron-msx-loikusmasin","status":"publish","type":"product","link":"https:\/\/saxsim.ee\/swp\/product\/ultron-msx-loikusmasin\/","title":{"rendered":"Ultron MSX &#8211; l\u00f5ikusmasin"},"content":{"rendered":"<p>Kerge, vaikne, v\u00f5imas,\u00a0juhtmega, reguleeritava l\u00f5ikusteraga juuksel\u00f5ikusmasin. Ideaalne meeste juuste l\u00f5ikamiseks.<\/p>\n<p><strong>Tehnilised andmed:<\/strong><\/p>\n<p>3600 rpm, polariseeritud, v\u00f5nkuv, as\u00fcnkroonmootor<\/p>\n<p>juhe &#8211; 3,0 m.<\/p>\n<p><strong>Komplektis:<\/strong><\/p>\n<p>1 Ultron MSX tera ( 0,5 &#8211; 2,0 mm. )<\/p>\n<p>4 pikendustalda ( 3,0 mm. \/ 6,0 mm. \/ 9,0 mm. \/ 12,0 mm. )<\/p>\n<p>masina\u00f5li<\/p>\n<p>puhastushari<\/p>\n<p>l\u00f5iketera kaitse<\/p>\n<p>&nbsp;<\/p>\n","protected":false},"excerpt":{"rendered":"<p>Kerge, vaikne, v\u00f5imas,\u00a0juhtmega, reguleeritava l\u00f5ikusteraga juuksel\u00f5ikusmasin. Ideaalne meeste juuste l\u00f5ikamiseks. Tehnilised andmed: 3600 rpm, polariseeritud, v\u00f5nkuv, as\u00fcnkroonmootor juhe &#8211; 3,0 m. Komplektis: 1 Ultron MSX tera ( 0,5 &#8211; 2,0 mm. ) 4 pikendustalda ( 3,0 mm. \/ 6,0 mm. \/ 9,0 mm. \/ 12,0 mm. ) masina\u00f5li puhastushari l\u00f5iketera kaitse &nbsp;<\/p>\n","protected":false},"featured_media":2599,"comment_status":"closed","ping_status":"closed","template":"","meta":[],"product_cat":[733,401,280,286],"product_tag":[],"class_list":{"0":"post-2597","1":"product","2":"type-product","3":"status-publish","4":"has-post-thumbnail","6":"product_cat-ultron","7":"product_cat-juuksuri-tarvikud","8":"product_cat-elektrilised-toovahendid","9":"product_cat-loikusmasinad-ja-trimmerid","11":"first","12":"instock","13":"taxable","14":"shipping-taxable","15":"purchasable","16":"product-type-simple"},"_links":{"self":[{"href":"https:\/\/saxsim.ee\/swp\/wp-json\/wp\/v2\/product\/2597"}],"collection":[{"href":"https:\/\/saxsim.ee\/swp\/wp-json\/wp\/v2\/product"}],"about":[{"href":"https:\/\/saxsim.ee\/swp\/wp-json\/wp\/v2\/types\/product"}],"replies":[{"embeddable":true,"href":"https:\/\/saxsim.ee\/swp\/wp-json\/wp\/v2\/comments?post=2597"}],"wp:featuredmedia":[{"embeddable":true,"href":"https:\/\/saxsim.ee\/swp\/wp-json\/wp\/v2\/media\/2599"}],"wp:attachment":[{"href":"https:\/\/saxsim.ee\/swp\/wp-json\/wp\/v2\/media?parent=2597"}],"wp:term":[{"taxonomy":"product_cat","embeddable":true,"href":"https:\/\/saxsim.ee\/swp\/wp-json\/wp\/v2\/product_cat?post=2597"},{"taxonomy":"product_tag","embeddable":true,"href":"https:\/\/saxsim.ee\/swp\/wp-json\/wp\/v2\/product_tag?post=2597"}],"curies":[{"name":"wp","href":"https:\/\/api.w.org\/{rel}","templated":true}]}}