{"id":2596,"date":"2017-04-08T10:57:49","date_gmt":"2017-04-08T07:57:49","guid":{"rendered":"https:\/\/www.saxsim.ee\/swp\/?post_type=product&#038;p=2596"},"modified":"2025-07-31T12:26:29","modified_gmt":"2025-07-31T09:26:29","slug":"world-pro-styling-brush-rullfoon","status":"publish","type":"product","link":"https:\/\/saxsim.ee\/swp\/product\/world-pro-styling-brush-rullfoon\/","title":{"rendered":"World Pro Styling Brush &#8211; lokitangid 13 mm"},"content":{"rendered":"<p>Ke\u00adraa\u00admi\u00adli\u00adse kat\u00adte\u00adga, nai\u00adlon\u00adpii\u00adde\u00adga ter\u00admo\u00adkoo\u00adlu\u00adta\u00adja. Ideaal\u00adne l\u00fc\u00adhi\u00adkes\u00adte\u00adle juus\u00adte\u00adle.<\/p>\n<p><strong>Tehnilised andmed:<\/strong><\/p>\n<p>v\u00f5imsus &#8211; 35 W<\/p>\n<p>t\u00f6\u00f6temperatuur &#8211; 170\u00b0C<\/p>\n<p>tugevate plastpiidega otsik &#8211; 13 mm<\/p>\n<p>p\u00f6\u00f6rlev juhe &#8211; 2,5 m<\/p>\n<p>&nbsp;<\/p>\n","protected":false},"excerpt":{"rendered":"<p>Ke\u00adraa\u00admi\u00adli\u00adse kat\u00adte\u00adga, nai\u00adlon\u00adpii\u00adde\u00adga ter\u00admo\u00adkoo\u00adlu\u00adta\u00adja. Ideaal\u00adne l\u00fc\u00adhi\u00adkes\u00adte\u00adle juus\u00adte\u00adle. Tehnilised andmed: v\u00f5imsus &#8211; 35 W t\u00f6\u00f6temperatuur &#8211; 170\u00b0C tugevate plastpiidega otsik &#8211; 13 mm p\u00f6\u00f6rlev juhe &#8211; 2,5 m &nbsp;<\/p>\n","protected":false},"featured_media":2595,"comment_status":"closed","ping_status":"closed","template":"","meta":[],"product_cat":[401,280,281],"product_tag":[],"class_list":{"0":"post-2596","1":"product","2":"type-product","3":"status-publish","4":"has-post-thumbnail","6":"product_cat-juuksuri-tarvikud","7":"product_cat-elektrilised-toovahendid","8":"product_cat-lokitangid","10":"first","11":"instock","12":"taxable","13":"shipping-taxable","14":"purchasable","15":"product-type-simple"},"_links":{"self":[{"href":"https:\/\/saxsim.ee\/swp\/wp-json\/wp\/v2\/product\/2596"}],"collection":[{"href":"https:\/\/saxsim.ee\/swp\/wp-json\/wp\/v2\/product"}],"about":[{"href":"https:\/\/saxsim.ee\/swp\/wp-json\/wp\/v2\/types\/product"}],"replies":[{"embeddable":true,"href":"https:\/\/saxsim.ee\/swp\/wp-json\/wp\/v2\/comments?post=2596"}],"wp:featuredmedia":[{"embeddable":true,"href":"https:\/\/saxsim.ee\/swp\/wp-json\/wp\/v2\/media\/2595"}],"wp:attachment":[{"href":"https:\/\/saxsim.ee\/swp\/wp-json\/wp\/v2\/media?parent=2596"}],"wp:term":[{"taxonomy":"product_cat","embeddable":true,"href":"https:\/\/saxsim.ee\/swp\/wp-json\/wp\/v2\/product_cat?post=2596"},{"taxonomy":"product_tag","embeddable":true,"href":"https:\/\/saxsim.ee\/swp\/wp-json\/wp\/v2\/product_tag?post=2596"}],"curies":[{"name":"wp","href":"https:\/\/api.w.org\/{rel}","templated":true}]}}