{"id":2592,"date":"2017-04-08T10:52:51","date_gmt":"2017-04-08T07:52:51","guid":{"rendered":"https:\/\/www.saxsim.ee\/swp\/?post_type=product&#038;p=2592"},"modified":"2025-07-15T10:42:08","modified_gmt":"2025-07-15T07:42:08","slug":"areox-air-styler-rullfoon","status":"publish","type":"product","link":"https:\/\/saxsim.ee\/swp\/product\/areox-air-styler-rullfoon\/","title":{"rendered":"Areox Air Styler &#8211; rullf\u00f6\u00f6n"},"content":{"rendered":"<p>Kahe vahetatava otsikuga rullf\u00f6\u00f6n.<\/p>\n<p><strong>Tehnilised andmed:<\/strong><\/p>\n<p>v\u00f5imsus &#8211; 400 W<\/p>\n<p>tugevate plastpiidega otsik &#8211; 16 mm<\/p>\n<p>tugevate plastpiidega otsik &#8211; 19 mm<\/p>\n<p>p\u00f6\u00f6rlev juhe &#8211; 1,8 m<\/p>\n","protected":false},"excerpt":{"rendered":"<p>Kahe vahetatava otsikuga rullf\u00f6\u00f6n. Tehnilised andmed: v\u00f5imsus &#8211; 400 W tugevate plastpiidega otsik &#8211; 16 mm tugevate plastpiidega otsik &#8211; 19 mm p\u00f6\u00f6rlev juhe &#8211; 1,8 m<\/p>\n","protected":false},"featured_media":2593,"comment_status":"closed","ping_status":"closed","template":"","meta":[],"product_cat":[401,280,593],"product_tag":[],"class_list":{"0":"post-2592","1":"product","2":"type-product","3":"status-publish","4":"has-post-thumbnail","6":"product_cat-juuksuri-tarvikud","7":"product_cat-elektrilised-toovahendid","8":"product_cat-rullfoonid","10":"first","11":"instock","12":"taxable","13":"shipping-taxable","14":"purchasable","15":"product-type-simple"},"_links":{"self":[{"href":"https:\/\/saxsim.ee\/swp\/wp-json\/wp\/v2\/product\/2592"}],"collection":[{"href":"https:\/\/saxsim.ee\/swp\/wp-json\/wp\/v2\/product"}],"about":[{"href":"https:\/\/saxsim.ee\/swp\/wp-json\/wp\/v2\/types\/product"}],"replies":[{"embeddable":true,"href":"https:\/\/saxsim.ee\/swp\/wp-json\/wp\/v2\/comments?post=2592"}],"wp:featuredmedia":[{"embeddable":true,"href":"https:\/\/saxsim.ee\/swp\/wp-json\/wp\/v2\/media\/2593"}],"wp:attachment":[{"href":"https:\/\/saxsim.ee\/swp\/wp-json\/wp\/v2\/media?parent=2592"}],"wp:term":[{"taxonomy":"product_cat","embeddable":true,"href":"https:\/\/saxsim.ee\/swp\/wp-json\/wp\/v2\/product_cat?post=2592"},{"taxonomy":"product_tag","embeddable":true,"href":"https:\/\/saxsim.ee\/swp\/wp-json\/wp\/v2\/product_tag?post=2592"}],"curies":[{"name":"wp","href":"https:\/\/api.w.org\/{rel}","templated":true}]}}