{"id":2584,"date":"2017-04-08T10:08:49","date_gmt":"2017-04-08T07:08:49","guid":{"rendered":"https:\/\/www.saxsim.ee\/swp\/?post_type=product&#038;p=2584"},"modified":"2024-02-04T10:43:59","modified_gmt":"2024-02-04T08:43:59","slug":"in-double-razor","status":"publish","type":"product","link":"https:\/\/saxsim.ee\/swp\/product\/in-double-razor\/","title":{"rendered":"In Double Razor &#8211; l\u00f5ikusnuga"},"content":{"rendered":"<p>Kaheotstarbeline l\u00f5ikusnuga.<\/p>\n<p>Komplektis:<br \/>\n&#8211; l\u00f5ikusnuga<br \/>\n&#8211; \u017eiletitera hoidja klassikaliseks l\u00f5ikuseks<br \/>\n&#8211; \u017eiletitera hoidja harvendamiseks<\/p>\n<p>\u017diletiterad on eraldi m\u00fc\u00fcgis.<\/p>\n","protected":false},"excerpt":{"rendered":"<p>Kaheotstarbeline l\u00f5ikusnuga. Komplektis: &#8211; l\u00f5ikusnuga &#8211; \u017eiletitera hoidja klassikaliseks l\u00f5ikuseks &#8211; \u017eiletitera hoidja harvendamiseks \u017diletiterad on eraldi m\u00fc\u00fcgis.<\/p>\n","protected":false},"featured_media":2585,"comment_status":"closed","ping_status":"closed","template":"","meta":[],"product_cat":[401,337],"product_tag":[],"class_list":{"0":"post-2584","1":"product","2":"type-product","3":"status-publish","4":"has-post-thumbnail","6":"product_cat-juuksuri-tarvikud","7":"product_cat-loikusnoad-ja-noaterad","9":"first","10":"instock","11":"taxable","12":"shipping-taxable","13":"purchasable","14":"product-type-simple"},"_links":{"self":[{"href":"https:\/\/saxsim.ee\/swp\/wp-json\/wp\/v2\/product\/2584"}],"collection":[{"href":"https:\/\/saxsim.ee\/swp\/wp-json\/wp\/v2\/product"}],"about":[{"href":"https:\/\/saxsim.ee\/swp\/wp-json\/wp\/v2\/types\/product"}],"replies":[{"embeddable":true,"href":"https:\/\/saxsim.ee\/swp\/wp-json\/wp\/v2\/comments?post=2584"}],"wp:featuredmedia":[{"embeddable":true,"href":"https:\/\/saxsim.ee\/swp\/wp-json\/wp\/v2\/media\/2585"}],"wp:attachment":[{"href":"https:\/\/saxsim.ee\/swp\/wp-json\/wp\/v2\/media?parent=2584"}],"wp:term":[{"taxonomy":"product_cat","embeddable":true,"href":"https:\/\/saxsim.ee\/swp\/wp-json\/wp\/v2\/product_cat?post=2584"},{"taxonomy":"product_tag","embeddable":true,"href":"https:\/\/saxsim.ee\/swp\/wp-json\/wp\/v2\/product_tag?post=2584"}],"curies":[{"name":"wp","href":"https:\/\/api.w.org\/{rel}","templated":true}]}}