{"id":2567,"date":"2017-04-07T22:56:51","date_gmt":"2017-04-07T19:56:51","guid":{"rendered":"https:\/\/www.saxsim.ee\/swp\/?post_type=product&#038;p=2567"},"modified":"2022-09-11T16:14:27","modified_gmt":"2022-09-11T13:14:27","slug":"concave-spring","status":"publish","type":"product","link":"https:\/\/saxsim.ee\/swp\/product\/concave-spring\/","title":{"rendered":"Concave, Spring 5,5&#8243; &#8211; l\u00f5ikusk\u00e4\u00e4rid"},"content":{"rendered":"<p>Jaapani terasest, ergonoomilised, Convex teraga l\u00f5ikusk\u00e4\u00e4rid. Anti-allergiline tsingisulamist kattekiht ennetab nikli allergia tekkimist.<\/p>\n<p>&nbsp;<\/p>\n<p>&nbsp;<\/p>\n","protected":false},"excerpt":{"rendered":"<p>Jaapani terasest, ergonoomilised, Convex teraga l\u00f5ikusk\u00e4\u00e4rid. Anti-allergiline tsingisulamist kattekiht ennetab nikli allergia tekkimist. &nbsp; &nbsp;<\/p>\n","protected":false},"featured_media":2568,"comment_status":"closed","ping_status":"closed","template":"","meta":[],"product_cat":[401,174,276],"product_tag":[],"class_list":{"0":"post-2567","1":"product","2":"type-product","3":"status-publish","4":"has-post-thumbnail","6":"product_cat-juuksuri-tarvikud","7":"product_cat-kaarid","8":"product_cat-loikuskaarid","10":"first","11":"instock","12":"taxable","13":"shipping-taxable","14":"purchasable","15":"product-type-simple"},"_links":{"self":[{"href":"https:\/\/saxsim.ee\/swp\/wp-json\/wp\/v2\/product\/2567"}],"collection":[{"href":"https:\/\/saxsim.ee\/swp\/wp-json\/wp\/v2\/product"}],"about":[{"href":"https:\/\/saxsim.ee\/swp\/wp-json\/wp\/v2\/types\/product"}],"replies":[{"embeddable":true,"href":"https:\/\/saxsim.ee\/swp\/wp-json\/wp\/v2\/comments?post=2567"}],"wp:featuredmedia":[{"embeddable":true,"href":"https:\/\/saxsim.ee\/swp\/wp-json\/wp\/v2\/media\/2568"}],"wp:attachment":[{"href":"https:\/\/saxsim.ee\/swp\/wp-json\/wp\/v2\/media?parent=2567"}],"wp:term":[{"taxonomy":"product_cat","embeddable":true,"href":"https:\/\/saxsim.ee\/swp\/wp-json\/wp\/v2\/product_cat?post=2567"},{"taxonomy":"product_tag","embeddable":true,"href":"https:\/\/saxsim.ee\/swp\/wp-json\/wp\/v2\/product_tag?post=2567"}],"curies":[{"name":"wp","href":"https:\/\/api.w.org\/{rel}","templated":true}]}}