{"id":2553,"date":"2017-04-07T20:20:14","date_gmt":"2017-04-07T17:20:14","guid":{"rendered":"https:\/\/www.saxsim.ee\/swp\/?post_type=product&#038;p=2553"},"modified":"2024-07-15T11:39:42","modified_gmt":"2024-07-15T08:39:42","slug":"ga-ma-protect-120-ml-kuumakaitse","status":"publish","type":"product","link":"https:\/\/saxsim.ee\/swp\/product\/ga-ma-protect-120-ml-kuumakaitse\/","title":{"rendered":"GA.MA Protect 120 ml. &#8211; kuumakaitse"},"content":{"rendered":"<p>GA.MA Protec\u00a0kuumakaitset on alati soovitav kasutada enne juuste t\u00f6\u00f6tlemist kuumade t\u00f6\u00f6riistadega ( sirgendajad, lokitangid, lainerauad &#8230; ). Kaitsesprei\u00a0taaselustab juukseid, j\u00e4ttes nad\u00a0tervemateks ja s\u00e4ravamateks.<\/p>\n<p>&nbsp;<\/p>\n","protected":false},"excerpt":{"rendered":"<p>GA.MA Protec\u00a0kuumakaitset on alati soovitav kasutada enne juuste t\u00f6\u00f6tlemist kuumade t\u00f6\u00f6riistadega ( sirgendajad, lokitangid, lainerauad &#8230; ). Kaitsesprei\u00a0taaselustab juukseid, j\u00e4ttes nad\u00a0tervemateks ja s\u00e4ravamateks. &nbsp;<\/p>\n","protected":false},"featured_media":2555,"comment_status":"closed","ping_status":"closed","template":"","meta":[],"product_cat":[709,395,694],"product_tag":[],"class_list":{"0":"post-2553","1":"product","2":"type-product","3":"status-publish","4":"has-post-thumbnail","6":"product_cat-ga-ma","7":"product_cat-juuksed","8":"product_cat-kuumakaitsed","10":"first","11":"instock","12":"taxable","13":"shipping-taxable","14":"purchasable","15":"product-type-simple"},"_links":{"self":[{"href":"https:\/\/saxsim.ee\/swp\/wp-json\/wp\/v2\/product\/2553"}],"collection":[{"href":"https:\/\/saxsim.ee\/swp\/wp-json\/wp\/v2\/product"}],"about":[{"href":"https:\/\/saxsim.ee\/swp\/wp-json\/wp\/v2\/types\/product"}],"replies":[{"embeddable":true,"href":"https:\/\/saxsim.ee\/swp\/wp-json\/wp\/v2\/comments?post=2553"}],"wp:featuredmedia":[{"embeddable":true,"href":"https:\/\/saxsim.ee\/swp\/wp-json\/wp\/v2\/media\/2555"}],"wp:attachment":[{"href":"https:\/\/saxsim.ee\/swp\/wp-json\/wp\/v2\/media?parent=2553"}],"wp:term":[{"taxonomy":"product_cat","embeddable":true,"href":"https:\/\/saxsim.ee\/swp\/wp-json\/wp\/v2\/product_cat?post=2553"},{"taxonomy":"product_tag","embeddable":true,"href":"https:\/\/saxsim.ee\/swp\/wp-json\/wp\/v2\/product_tag?post=2553"}],"curies":[{"name":"wp","href":"https:\/\/api.w.org\/{rel}","templated":true}]}}