{"id":2532,"date":"2017-04-07T11:43:59","date_gmt":"2017-04-07T08:43:59","guid":{"rendered":"https:\/\/www.saxsim.ee\/swp\/?post_type=product&#038;p=2532"},"modified":"2024-01-06T08:33:29","modified_gmt":"2024-01-06T06:33:29","slug":"sensido-color-chart-varvikaart","status":"publish","type":"product","link":"https:\/\/saxsim.ee\/swp\/product\/sensido-color-chart-varvikaart\/","title":{"rendered":"SensiDO Color Chart &#8211; v\u00e4rvikaart"},"content":{"rendered":"<p>SensiDO v\u00e4rvikaart sisaldab:<\/p>\n<p>Cream Color &#8211; kerg- ja p\u00fcsiv\u00e4rvid<\/p>\n<p>Absolute &#8211; ammoniaagita v\u00e4rvid<\/p>\n<p>Quick &#8211; 10 min. v\u00e4rvid<\/p>\n<p>Magic &#8211; triibuv\u00e4rvid<\/p>\n<p>V\u00e4rvi\u00f5petust<\/p>\n","protected":false},"excerpt":{"rendered":"<p>SensiDO v\u00e4rvikaart sisaldab: Cream Color &#8211; kerg- ja p\u00fcsiv\u00e4rvid Absolute &#8211; ammoniaagita v\u00e4rvid Quick &#8211; 10 min. v\u00e4rvid Magic &#8211; triibuv\u00e4rvid V\u00e4rvi\u00f5petust<\/p>\n","protected":false},"featured_media":11837,"comment_status":"closed","ping_status":"closed","template":"","meta":[],"product_cat":[395,95,246],"product_tag":[637],"class_list":{"0":"post-2532","1":"product","2":"type-product","3":"status-publish","4":"has-post-thumbnail","6":"product_cat-juuksed","7":"product_cat-sensido-juuksevarvid","8":"product_cat-sensido-lisatooted","9":"product_tag-profitoode","11":"first","12":"instock","13":"taxable","14":"shipping-taxable","15":"purchasable","16":"product-type-simple"},"_links":{"self":[{"href":"https:\/\/saxsim.ee\/swp\/wp-json\/wp\/v2\/product\/2532"}],"collection":[{"href":"https:\/\/saxsim.ee\/swp\/wp-json\/wp\/v2\/product"}],"about":[{"href":"https:\/\/saxsim.ee\/swp\/wp-json\/wp\/v2\/types\/product"}],"replies":[{"embeddable":true,"href":"https:\/\/saxsim.ee\/swp\/wp-json\/wp\/v2\/comments?post=2532"}],"wp:featuredmedia":[{"embeddable":true,"href":"https:\/\/saxsim.ee\/swp\/wp-json\/wp\/v2\/media\/11837"}],"wp:attachment":[{"href":"https:\/\/saxsim.ee\/swp\/wp-json\/wp\/v2\/media?parent=2532"}],"wp:term":[{"taxonomy":"product_cat","embeddable":true,"href":"https:\/\/saxsim.ee\/swp\/wp-json\/wp\/v2\/product_cat?post=2532"},{"taxonomy":"product_tag","embeddable":true,"href":"https:\/\/saxsim.ee\/swp\/wp-json\/wp\/v2\/product_tag?post=2532"}],"curies":[{"name":"wp","href":"https:\/\/api.w.org\/{rel}","templated":true}]}}