{"id":2531,"date":"2017-04-07T11:35:43","date_gmt":"2017-04-07T08:35:43","guid":{"rendered":"https:\/\/www.saxsim.ee\/swp\/?post_type=product&#038;p=2531"},"modified":"2025-11-27T11:56:01","modified_gmt":"2025-11-27T09:56:01","slug":"gaslift-medium-37-56-cm-gaasipump","status":"publish","type":"product","link":"https:\/\/saxsim.ee\/swp\/product\/gaslift-medium-37-56-cm-gaasipump\/","title":{"rendered":"Gaslift, Medium 37-56 cm. &#8211; gaasipump"},"content":{"rendered":"<p>K\u00f5rge\u00a0gaasipump t\u00f6\u00f6toolidele.<\/p>\n<p>Sobib enamustele t\u00f6\u00f6toolidele.<\/p>\n<p>V\u00f5imalus tellida ka teiste k\u00f5rgustega\u00a0gaasipumpasi.<\/p>\n<p>&nbsp;<\/p>\n<p>&nbsp;<\/p>\n","protected":false},"excerpt":{"rendered":"<p>K\u00f5rge\u00a0gaasipump t\u00f6\u00f6toolidele. Sobib enamustele t\u00f6\u00f6toolidele. V\u00f5imalus tellida ka teiste k\u00f5rgustega\u00a0gaasipumpasi. &nbsp; &nbsp;<\/p>\n","protected":false},"featured_media":2529,"comment_status":"closed","ping_status":"closed","template":"","meta":[],"product_cat":[325,333,577,596,401,278],"product_tag":[],"class_list":{"0":"post-2531","1":"product","2":"type-product","3":"status-publish","4":"has-post-thumbnail","6":"product_cat-juuksuri-ja-ilusalongi-sisustus","7":"product_cat-tootoolid","8":"product_cat-iluteenindaja-tarvikud","9":"product_cat-varuosad-iluteenindaja-tarvikud","10":"product_cat-juuksuri-tarvikud","11":"product_cat-varuosad","13":"first","14":"instock","15":"taxable","16":"shipping-taxable","17":"purchasable","18":"product-type-simple"},"_links":{"self":[{"href":"https:\/\/saxsim.ee\/swp\/wp-json\/wp\/v2\/product\/2531"}],"collection":[{"href":"https:\/\/saxsim.ee\/swp\/wp-json\/wp\/v2\/product"}],"about":[{"href":"https:\/\/saxsim.ee\/swp\/wp-json\/wp\/v2\/types\/product"}],"replies":[{"embeddable":true,"href":"https:\/\/saxsim.ee\/swp\/wp-json\/wp\/v2\/comments?post=2531"}],"wp:featuredmedia":[{"embeddable":true,"href":"https:\/\/saxsim.ee\/swp\/wp-json\/wp\/v2\/media\/2529"}],"wp:attachment":[{"href":"https:\/\/saxsim.ee\/swp\/wp-json\/wp\/v2\/media?parent=2531"}],"wp:term":[{"taxonomy":"product_cat","embeddable":true,"href":"https:\/\/saxsim.ee\/swp\/wp-json\/wp\/v2\/product_cat?post=2531"},{"taxonomy":"product_tag","embeddable":true,"href":"https:\/\/saxsim.ee\/swp\/wp-json\/wp\/v2\/product_tag?post=2531"}],"curies":[{"name":"wp","href":"https:\/\/api.w.org\/{rel}","templated":true}]}}