{"id":2497,"date":"2017-04-06T19:49:55","date_gmt":"2017-04-06T16:49:55","guid":{"rendered":"https:\/\/www.saxsim.ee\/swp\/?post_type=product&#038;p=2497"},"modified":"2017-06-02T23:48:09","modified_gmt":"2017-06-02T20:48:09","slug":"pins-up-wrist-magnet-magnetiga-kaepael","status":"publish","type":"product","link":"https:\/\/saxsim.ee\/swp\/product\/pins-up-wrist-magnet-magnetiga-kaepael\/","title":{"rendered":"Pins-up, Wrist Magnet &#8211; magnetiga k\u00e4epael"},"content":{"rendered":"<p>Takjakinnitusega magnetiga k\u00e4epael, mis on ideaalne abivahend soengute tegemisel. Magnet hoiab klambrid\/n\u00f5elad kindlalt k\u00e4ep\u00e4rast.<\/p>\n<p>&nbsp;<\/p>\n","protected":false},"excerpt":{"rendered":"<p>Takjakinnitusega magnetiga k\u00e4epael, mis on ideaalne abivahend soengute tegemisel. Magnet hoiab klambrid\/n\u00f5elad kindlalt k\u00e4ep\u00e4rast. &nbsp;<\/p>\n","protected":false},"featured_media":2498,"comment_status":"closed","ping_status":"closed","template":"","meta":[],"product_cat":[401,303,175],"product_tag":[],"class_list":{"0":"post-2497","1":"product","2":"type-product","3":"status-publish","4":"has-post-thumbnail","6":"product_cat-juuksuri-tarvikud","7":"product_cat-juukseklambrid-ja-noelad","8":"product_cat-soenguvahendid","10":"first","11":"instock","12":"taxable","13":"shipping-taxable","14":"purchasable","15":"product-type-simple"},"_links":{"self":[{"href":"https:\/\/saxsim.ee\/swp\/wp-json\/wp\/v2\/product\/2497"}],"collection":[{"href":"https:\/\/saxsim.ee\/swp\/wp-json\/wp\/v2\/product"}],"about":[{"href":"https:\/\/saxsim.ee\/swp\/wp-json\/wp\/v2\/types\/product"}],"replies":[{"embeddable":true,"href":"https:\/\/saxsim.ee\/swp\/wp-json\/wp\/v2\/comments?post=2497"}],"wp:featuredmedia":[{"embeddable":true,"href":"https:\/\/saxsim.ee\/swp\/wp-json\/wp\/v2\/media\/2498"}],"wp:attachment":[{"href":"https:\/\/saxsim.ee\/swp\/wp-json\/wp\/v2\/media?parent=2497"}],"wp:term":[{"taxonomy":"product_cat","embeddable":true,"href":"https:\/\/saxsim.ee\/swp\/wp-json\/wp\/v2\/product_cat?post=2497"},{"taxonomy":"product_tag","embeddable":true,"href":"https:\/\/saxsim.ee\/swp\/wp-json\/wp\/v2\/product_tag?post=2497"}],"curies":[{"name":"wp","href":"https:\/\/api.w.org\/{rel}","templated":true}]}}